{"id":501825,"date":"2025-07-12T17:52:01","date_gmt":"2025-07-12T15:52:01","guid":{"rendered":"https:\/\/lucacastelli.com\/prodotto\/lame-milwaukee-8\/"},"modified":"2025-07-12T17:52:01","modified_gmt":"2025-07-12T15:52:01","slug":"lame-milwaukee-8","status":"publish","type":"product","link":"https:\/\/lucacastelli.com\/fr\/produit\/lame-milwaukee-8\/","title":{"rendered":"Lame MILWAUKEE"},"content":{"rendered":"<p>G\u00e9om\u00e9trie des dents pour d\u2019excellentes performances ; Dents compos\u00e9es de Cermet (c\u00e9ramique et m\u00e9tal) pour une dur\u00e9e de vie plus longue de la lame&nbsp;; Corps de la lame avec tension sp\u00e9cifique pour permettre des coupes plus pr\u00e9cises&nbsp;; Configuration des dents pour une meilleure \u00e9vacuation des d\u00e9bris&nbsp;; G\u00e9om\u00e9trie de l\u2019encoche pour la r\u00e9duction des vibrations&nbsp;; Coupe nette, gr\u00e2ce \u00e0 la g\u00e9om\u00e9trie particuli\u00e8re des dents ; D\u00e9coupe \u00e0 froid, gr\u00e2ce \u00e0 la composition des dents en Cermet ; Coupe rapide, gr\u00e2ce au type de pas de dent&nbsp;; Co\u00fbt inf\u00e9rieur \u00e0 celui de l\u2019utilisation de disques abrasifs&nbsp;; Moins de bruit qu\u2019une lame conventionnelle ; Vibrations r\u00e9duites gr\u00e2ce \u00e0 la g\u00e9om\u00e9trie du noyau ; S\u00e9curit\u00e9 totale, pas d\u2019\u00e9tincelle, charcuterie<\/p>\n","protected":false},"excerpt":{"rendered":"<p>G\u00e9om\u00e9trie des dents pour d\u2019excellentes performances ; Dents compos\u00e9es de Cermet (c\u00e9ramique et m\u00e9tal) pour une dur\u00e9e de vie plus<\/p>\n","protected":false},"featured_media":484352,"template":"","meta":{"_seopress_robots_primary_cat":"","_seopress_titles_title":"","_seopress_titles_desc":"","_seopress_robots_index":""},"product_brand":[3656],"product_cat":[169,1535],"product_tag":[6837],"class_list":{"0":"post-501825","1":"product","2":"type-product","3":"status-publish","4":"has-post-thumbnail","6":"product_brand-milwaukee-de","7":"product_cat-maschinen","8":"product_cat-sagen","9":"product_tag-imp-26-mw_update","10":"sws-gruppo-macchinari-fr","11":"sws-conto-ricavi-merci-rivendita-macchinari-fr","12":"sws-gruppo-iva-iva81-fr","14":"first","15":"instock","16":"sale","17":"shipping-taxable","18":"purchasable","19":"product-type-simple"},"_links":{"self":[{"href":"https:\/\/lucacastelli.com\/fr\/wp-json\/wp\/v2\/product\/501825","targetHints":{"allow":["GET"]}}],"collection":[{"href":"https:\/\/lucacastelli.com\/fr\/wp-json\/wp\/v2\/product"}],"about":[{"href":"https:\/\/lucacastelli.com\/fr\/wp-json\/wp\/v2\/types\/product"}],"wp:featuredmedia":[{"embeddable":true,"href":"https:\/\/lucacastelli.com\/fr\/wp-json\/wp\/v2\/media\/484352"}],"wp:attachment":[{"href":"https:\/\/lucacastelli.com\/fr\/wp-json\/wp\/v2\/media?parent=501825"}],"wp:term":[{"taxonomy":"product_brand","embeddable":true,"href":"https:\/\/lucacastelli.com\/fr\/wp-json\/wp\/v2\/product_brand?post=501825"},{"taxonomy":"product_cat","embeddable":true,"href":"https:\/\/lucacastelli.com\/fr\/wp-json\/wp\/v2\/product_cat?post=501825"},{"taxonomy":"product_tag","embeddable":true,"href":"https:\/\/lucacastelli.com\/fr\/wp-json\/wp\/v2\/product_tag?post=501825"}],"curies":[{"name":"wp","href":"https:\/\/api.w.org\/{rel}","templated":true}]}}