{"id":501818,"date":"2025-07-12T17:52:00","date_gmt":"2025-07-12T15:52:00","guid":{"rendered":"https:\/\/lucacastelli.com\/prodotto\/lame-milwaukee-6\/"},"modified":"2026-04-16T02:21:03","modified_gmt":"2026-04-16T00:21:03","slug":"lame-milwaukee-6","status":"publish","type":"product","link":"https:\/\/lucacastelli.com\/fr\/produit\/lame-milwaukee-6\/","title":{"rendered":"MILWAUKEE Lame"},"content":{"rendered":"<p>LAME CIRC Diam\/Al\u00e9sage 203\/15,87 mm Z58 &#8211; 1 pce<br \/>\nId\u00e9al pour le cuivre, l\u2019aluminium. Convient aux mat\u00e9riaux sandwichs (acier, mousse, panneaux), mais avec une dur\u00e9e de vie r\u00e9duite ; G\u00e9om\u00e9trie des dents pour une performance optimale ; Dents en Cermet (c\u00e9ramique et m\u00e9tal) pour une long\u00e9vit\u00e9 accrue de la lame ; Corps de lame \u00e0 tension sp\u00e9cifique pour des coupes plus pr\u00e9cises ; Configuration des dents pour une meilleure \u00e9vacuation des copeaux ; G\u00e9om\u00e9trie des encoches pour une r\u00e9duction des vibrations ; Coupe nette gr\u00e2ce \u00e0 la g\u00e9om\u00e9trie particuli\u00e8re des dents ; Coupe \u00e0 froid gr\u00e2ce \u00e0 la composition des dents en Cermet ; Coupe rapide gr\u00e2ce au type de pas des dents ; Co\u00fbt r\u00e9duit par rapport \u00e0 l\u2019utilisation de disques abrasifs ; Moins de bruit qu\u2019une lame conventionnelle ; Moins de vibrations gr\u00e2ce \u00e0 la g\u00e9om\u00e9trie de l\u2019\u00e2me ; S\u00e9curit\u00e9 totale, aucune \u00e9tincelle, coupe \u00e0 froid <\/p>\n<p>Lames pour scies circulaires M\u00c9TAL<br \/>\n045242569113<\/p>\n","protected":false},"excerpt":{"rendered":"<p>LAME CIRC Diam\/Al\u00e9sage 203\/15,87 mm Z58 &#8211; 1 pce Id\u00e9al pour le cuivre, l\u2019aluminium. Convient aux mat\u00e9riaux sandwichs (acier, mousse,<\/p>\n","protected":false},"featured_media":484352,"template":"","meta":{"_seopress_robots_primary_cat":"","_seopress_titles_title":"","_seopress_titles_desc":"","_seopress_robots_index":""},"product_brand":[3407],"product_cat":[29,558],"product_tag":[6834],"class_list":{"0":"post-501818","1":"product","2":"type-product","3":"status-publish","4":"has-post-thumbnail","6":"product_brand-milwaukee","7":"product_cat-macchinari","8":"product_cat-seghe-accessori-vari","9":"product_tag-imp-26-mw_update","10":"sws-gruppo-macchinari-fr","11":"sws-conto-ricavi-merci-rivendita-macchinari-fr","12":"sws-gruppo-iva-iva81-fr","14":"first","15":"instock","16":"sale","17":"shipping-taxable","18":"purchasable","19":"product-type-simple"},"_links":{"self":[{"href":"https:\/\/lucacastelli.com\/fr\/wp-json\/wp\/v2\/product\/501818","targetHints":{"allow":["GET"]}}],"collection":[{"href":"https:\/\/lucacastelli.com\/fr\/wp-json\/wp\/v2\/product"}],"about":[{"href":"https:\/\/lucacastelli.com\/fr\/wp-json\/wp\/v2\/types\/product"}],"wp:featuredmedia":[{"embeddable":true,"href":"https:\/\/lucacastelli.com\/fr\/wp-json\/wp\/v2\/media\/484352"}],"wp:attachment":[{"href":"https:\/\/lucacastelli.com\/fr\/wp-json\/wp\/v2\/media?parent=501818"}],"wp:term":[{"taxonomy":"product_brand","embeddable":true,"href":"https:\/\/lucacastelli.com\/fr\/wp-json\/wp\/v2\/product_brand?post=501818"},{"taxonomy":"product_cat","embeddable":true,"href":"https:\/\/lucacastelli.com\/fr\/wp-json\/wp\/v2\/product_cat?post=501818"},{"taxonomy":"product_tag","embeddable":true,"href":"https:\/\/lucacastelli.com\/fr\/wp-json\/wp\/v2\/product_tag?post=501818"}],"curies":[{"name":"wp","href":"https:\/\/api.w.org\/{rel}","templated":true}]}}