{"id":501810,"date":"2025-07-12T17:51:57","date_gmt":"2025-07-12T15:51:57","guid":{"rendered":"https:\/\/lucacastelli.com\/prodotto\/lame-milwaukee-3\/"},"modified":"2026-04-16T02:22:33","modified_gmt":"2026-04-16T00:22:33","slug":"lame-milwaukee-3","status":"publish","type":"product","link":"https:\/\/lucacastelli.com\/fr\/produit\/lame-milwaukee-3\/","title":{"rendered":"MILWAUKEE Lame"},"content":{"rendered":"<p>LAME CIRC. Diam.\/Al\u00e9sage mm 150\/20 Z34<br \/>\nExcellent pour acier doux, t\u00f4le d&#8217;acier jusqu&#8217;\u00e0 2,5 mm, t\u00f4les ondul\u00e9es jusqu&#8217;\u00e0 2,5 mm d&#8217;\u00e9paisseur, tubes d&#8217;acier, aluminium, mat\u00e9riaux sandwich (acier, mousse, panneaux). Adapt\u00e9 mais avec dur\u00e9e r\u00e9duite sur t\u00f4les en acier inoxydable ; G\u00e9om\u00e9trie des dents pour une performance optimale ; Dents compos\u00e9es de Cermet (c\u00e9ramique et m\u00e9tal) pour une dur\u00e9e de vie accrue de la lame ; Corps de lame avec tension sp\u00e9cifique pour permettre des coupes plus pr\u00e9cises ; Configuration des dents pour une meilleure \u00e9vacuation des d\u00e9bris ; G\u00e9om\u00e9trie des encoches pour une r\u00e9duction des vibrations ; Coupe nette, gr\u00e2ce \u00e0 la g\u00e9om\u00e9trie particuli\u00e8re des dents ; Coupe froide, gr\u00e2ce \u00e0 la composition des dents en Cermet ; Coupe rapide, gr\u00e2ce au type de pas des dents ; Co\u00fbt r\u00e9duit par rapport \u00e0 l&#8217;utilisation des disques abrasifs ; Moins de bruit par rapport \u00e0 une lame conventionnelle ; Moins de vibrations gr\u00e2ce \u00e0 la g\u00e9om\u00e9trie de l&#8217;\u00e2me ; S\u00e9curit\u00e9 totale, aucune \u00e9tincelle, coupe froide <\/p>\n<p>Lame m\u00e9tal pour M18\u2122 FMCS<br \/>\n045242510283<\/p>\n","protected":false},"excerpt":{"rendered":"<p>LAME CIRC. Diam.\/Al\u00e9sage mm 150\/20 Z34 Excellent pour acier doux, t\u00f4le d&#8217;acier jusqu&#8217;\u00e0 2,5 mm, t\u00f4les ondul\u00e9es jusqu&#8217;\u00e0 2,5 mm<\/p>\n","protected":false},"featured_media":484352,"template":"","meta":{"_seopress_robots_primary_cat":"","_seopress_titles_title":"","_seopress_titles_desc":"","_seopress_robots_index":""},"product_brand":[3407],"product_cat":[29,558],"product_tag":[6834],"class_list":{"0":"post-501810","1":"product","2":"type-product","3":"status-publish","4":"has-post-thumbnail","6":"product_brand-milwaukee","7":"product_cat-macchinari","8":"product_cat-seghe-accessori-vari","9":"product_tag-imp-26-mw_update","10":"sws-gruppo-macchinari-fr","11":"sws-conto-ricavi-merci-rivendita-macchinari-fr","12":"sws-gruppo-iva-iva81-fr","14":"first","15":"instock","16":"sale","17":"shipping-taxable","18":"purchasable","19":"product-type-simple"},"_links":{"self":[{"href":"https:\/\/lucacastelli.com\/fr\/wp-json\/wp\/v2\/product\/501810","targetHints":{"allow":["GET"]}}],"collection":[{"href":"https:\/\/lucacastelli.com\/fr\/wp-json\/wp\/v2\/product"}],"about":[{"href":"https:\/\/lucacastelli.com\/fr\/wp-json\/wp\/v2\/types\/product"}],"wp:featuredmedia":[{"embeddable":true,"href":"https:\/\/lucacastelli.com\/fr\/wp-json\/wp\/v2\/media\/484352"}],"wp:attachment":[{"href":"https:\/\/lucacastelli.com\/fr\/wp-json\/wp\/v2\/media?parent=501810"}],"wp:term":[{"taxonomy":"product_brand","embeddable":true,"href":"https:\/\/lucacastelli.com\/fr\/wp-json\/wp\/v2\/product_brand?post=501810"},{"taxonomy":"product_cat","embeddable":true,"href":"https:\/\/lucacastelli.com\/fr\/wp-json\/wp\/v2\/product_cat?post=501810"},{"taxonomy":"product_tag","embeddable":true,"href":"https:\/\/lucacastelli.com\/fr\/wp-json\/wp\/v2\/product_tag?post=501810"}],"curies":[{"name":"wp","href":"https:\/\/api.w.org\/{rel}","templated":true}]}}