{"id":501788,"date":"2025-07-12T17:51:50","date_gmt":"2025-07-12T15:51:50","guid":{"rendered":"https:\/\/lucacastelli.com\/prodotto\/lame-de-scie-a-ruban-bimetallique-milwaukee-17\/"},"modified":"2025-07-12T17:51:50","modified_gmt":"2025-07-12T15:51:50","slug":"lame-de-scie-a-ruban-bimetallique-milwaukee-17","status":"publish","type":"product","link":"https:\/\/lucacastelli.com\/fr\/produit\/lame-de-scie-a-ruban-bimetallique-milwaukee-17\/","title":{"rendered":"Lame de scie \u00e0 ruban bim\u00e9tallique MILWAUKEE"},"content":{"rendered":"<p>Lames bim\u00e9talliques \u00e0 pas multiples avec dents en acier rapide Matrix II avec 8&nbsp;% de cobalt, 3 fois plus durables. Ils n\u00e9cessitent moins de changements de lame ; Coupes rapides et nettes&nbsp;; Optimis\u00e9 pour les scies \u00e0 ruban sans fil : plus de coupes par charge ; Convient pour la coupe : corni\u00e8re, tuyaux galvanis\u00e9s et aciers durs tels que la fonte et l\u2019acier inoxydable <\/p>\n","protected":false},"excerpt":{"rendered":"<p>Lames bim\u00e9talliques \u00e0 pas multiples avec dents en acier rapide Matrix II avec 8&nbsp;% de cobalt, 3 fois plus durables.<\/p>\n","protected":false},"featured_media":484312,"template":"","meta":{"_seopress_robots_primary_cat":"","_seopress_titles_title":"","_seopress_titles_desc":"","_seopress_robots_index":""},"product_brand":[3407],"product_cat":[29,558],"product_tag":[3270],"class_list":{"0":"post-501788","1":"product","2":"type-product","3":"status-publish","4":"has-post-thumbnail","6":"product_brand-milwaukee","7":"product_cat-macchinari","8":"product_cat-seghe-accessori-vari","9":"product_tag-import-milwau","10":"sws-gruppo-macchinari-fr","11":"sws-conto-ricavi-merci-rivendita-macchinari-fr","12":"sws-gruppo-iva-iva81-fr","14":"first","15":"instock","16":"sale","17":"shipping-taxable","18":"purchasable","19":"product-type-simple"},"_links":{"self":[{"href":"https:\/\/lucacastelli.com\/fr\/wp-json\/wp\/v2\/product\/501788","targetHints":{"allow":["GET"]}}],"collection":[{"href":"https:\/\/lucacastelli.com\/fr\/wp-json\/wp\/v2\/product"}],"about":[{"href":"https:\/\/lucacastelli.com\/fr\/wp-json\/wp\/v2\/types\/product"}],"wp:featuredmedia":[{"embeddable":true,"href":"https:\/\/lucacastelli.com\/fr\/wp-json\/wp\/v2\/media\/484312"}],"wp:attachment":[{"href":"https:\/\/lucacastelli.com\/fr\/wp-json\/wp\/v2\/media?parent=501788"}],"wp:term":[{"taxonomy":"product_brand","embeddable":true,"href":"https:\/\/lucacastelli.com\/fr\/wp-json\/wp\/v2\/product_brand?post=501788"},{"taxonomy":"product_cat","embeddable":true,"href":"https:\/\/lucacastelli.com\/fr\/wp-json\/wp\/v2\/product_cat?post=501788"},{"taxonomy":"product_tag","embeddable":true,"href":"https:\/\/lucacastelli.com\/fr\/wp-json\/wp\/v2\/product_tag?post=501788"}],"curies":[{"name":"wp","href":"https:\/\/api.w.org\/{rel}","templated":true}]}}