{"id":501752,"date":"2025-07-12T17:51:28","date_gmt":"2025-07-12T15:51:28","guid":{"rendered":"https:\/\/lucacastelli.com\/prodotto\/lame-de-scie-a-ruban-bimetallique-milwaukee-5\/"},"modified":"2025-07-12T17:51:28","modified_gmt":"2025-07-12T15:51:28","slug":"lame-de-scie-a-ruban-bimetallique-milwaukee-5","status":"publish","type":"product","link":"https:\/\/lucacastelli.com\/fr\/produit\/lame-de-scie-a-ruban-bimetallique-milwaukee-5\/","title":{"rendered":"Lame de scie \u00e0 ruban bim\u00e9tallique MILWAUKEE"},"content":{"rendered":"<p>Convient pour la coupe : corni\u00e8re, tuyaux galvanis\u00e9s et aciers encore plus durs tels que la fonte et l\u2019acier inoxydable<\/p>\n","protected":false},"excerpt":{"rendered":"<p>Convient pour la coupe : corni\u00e8re, tuyaux galvanis\u00e9s et aciers encore plus durs tels que la fonte et l\u2019acier inoxydable<\/p>\n","protected":false},"featured_media":484248,"template":"","meta":{"_seopress_robots_primary_cat":"","_seopress_titles_title":"","_seopress_titles_desc":"","_seopress_robots_index":""},"product_brand":[3656],"product_cat":[169,1535],"product_tag":[6837],"class_list":{"0":"post-501752","1":"product","2":"type-product","3":"status-publish","4":"has-post-thumbnail","6":"product_brand-milwaukee-de","7":"product_cat-maschinen","8":"product_cat-sagen","9":"product_tag-imp-26-mw_update","10":"sws-gruppo-macchinari-fr","11":"sws-conto-ricavi-merci-rivendita-macchinari-fr","12":"sws-gruppo-iva-iva81-fr","14":"first","15":"instock","16":"sale","17":"shipping-taxable","18":"purchasable","19":"product-type-simple"},"_links":{"self":[{"href":"https:\/\/lucacastelli.com\/fr\/wp-json\/wp\/v2\/product\/501752","targetHints":{"allow":["GET"]}}],"collection":[{"href":"https:\/\/lucacastelli.com\/fr\/wp-json\/wp\/v2\/product"}],"about":[{"href":"https:\/\/lucacastelli.com\/fr\/wp-json\/wp\/v2\/types\/product"}],"wp:featuredmedia":[{"embeddable":true,"href":"https:\/\/lucacastelli.com\/fr\/wp-json\/wp\/v2\/media\/484248"}],"wp:attachment":[{"href":"https:\/\/lucacastelli.com\/fr\/wp-json\/wp\/v2\/media?parent=501752"}],"wp:term":[{"taxonomy":"product_brand","embeddable":true,"href":"https:\/\/lucacastelli.com\/fr\/wp-json\/wp\/v2\/product_brand?post=501752"},{"taxonomy":"product_cat","embeddable":true,"href":"https:\/\/lucacastelli.com\/fr\/wp-json\/wp\/v2\/product_cat?post=501752"},{"taxonomy":"product_tag","embeddable":true,"href":"https:\/\/lucacastelli.com\/fr\/wp-json\/wp\/v2\/product_tag?post=501752"}],"curies":[{"name":"wp","href":"https:\/\/api.w.org\/{rel}","templated":true}]}}