{"id":501744,"date":"2025-07-12T17:51:25","date_gmt":"2025-07-12T15:51:25","guid":{"rendered":"https:\/\/lucacastelli.com\/prodotto\/lame-de-scie-a-ruban-bimetallique-milwaukee-3\/"},"modified":"2025-07-12T17:51:25","modified_gmt":"2025-07-12T15:51:25","slug":"lame-de-scie-a-ruban-bimetallique-milwaukee-3","status":"publish","type":"product","link":"https:\/\/lucacastelli.com\/fr\/produit\/lame-de-scie-a-ruban-bimetallique-milwaukee-3\/","title":{"rendered":"Lame de scie \u00e0 ruban bim\u00e9tallique MILWAUKEE"},"content":{"rendered":"<p>Convient pour la coupe : corni\u00e8re, tuyaux galvanis\u00e9s et aciers encore plus durs tels que la fonte et l\u2019acier inoxydable<\/p>\n","protected":false},"excerpt":{"rendered":"<p>Convient pour la coupe : corni\u00e8re, tuyaux galvanis\u00e9s et aciers encore plus durs tels que la fonte et l\u2019acier inoxydable<\/p>\n","protected":false},"featured_media":484227,"template":"","meta":{"_seopress_robots_primary_cat":"","_seopress_titles_title":"","_seopress_titles_desc":"","_seopress_robots_index":""},"product_brand":[3407],"product_cat":[29,558],"product_tag":[3270],"class_list":{"0":"post-501744","1":"product","2":"type-product","3":"status-publish","4":"has-post-thumbnail","6":"product_brand-milwaukee","7":"product_cat-macchinari","8":"product_cat-seghe-accessori-vari","9":"product_tag-import-milwau","10":"sws-gruppo-macchinari-fr","11":"sws-conto-ricavi-merci-rivendita-macchinari-fr","12":"sws-gruppo-iva-iva81-fr","14":"first","15":"instock","16":"sale","17":"shipping-taxable","18":"purchasable","19":"product-type-simple"},"_links":{"self":[{"href":"https:\/\/lucacastelli.com\/fr\/wp-json\/wp\/v2\/product\/501744","targetHints":{"allow":["GET"]}}],"collection":[{"href":"https:\/\/lucacastelli.com\/fr\/wp-json\/wp\/v2\/product"}],"about":[{"href":"https:\/\/lucacastelli.com\/fr\/wp-json\/wp\/v2\/types\/product"}],"wp:featuredmedia":[{"embeddable":true,"href":"https:\/\/lucacastelli.com\/fr\/wp-json\/wp\/v2\/media\/484227"}],"wp:attachment":[{"href":"https:\/\/lucacastelli.com\/fr\/wp-json\/wp\/v2\/media?parent=501744"}],"wp:term":[{"taxonomy":"product_brand","embeddable":true,"href":"https:\/\/lucacastelli.com\/fr\/wp-json\/wp\/v2\/product_brand?post=501744"},{"taxonomy":"product_cat","embeddable":true,"href":"https:\/\/lucacastelli.com\/fr\/wp-json\/wp\/v2\/product_cat?post=501744"},{"taxonomy":"product_tag","embeddable":true,"href":"https:\/\/lucacastelli.com\/fr\/wp-json\/wp\/v2\/product_tag?post=501744"}],"curies":[{"name":"wp","href":"https:\/\/api.w.org\/{rel}","templated":true}]}}