{"id":501693,"date":"2025-07-12T17:51:09","date_gmt":"2025-07-12T15:51:09","guid":{"rendered":"https:\/\/lucacastelli.com\/prodotto\/milwaukee-gants-de-travail-sans-doigts-2\/"},"modified":"2025-07-12T17:51:09","modified_gmt":"2025-07-12T15:51:09","slug":"milwaukee-gants-de-travail-sans-doigts-2","status":"publish","type":"product","link":"https:\/\/lucacastelli.com\/fr\/produit\/milwaukee-gants-de-travail-sans-doigts-2\/","title":{"rendered":"MILWAUKEE Gants de travail sans doigts"},"content":{"rendered":"<p>Con\u00e7u pour offrir une libert\u00e9 de mouvement et de manipulation de petits objets&nbsp;; Paume et couture de pouce renforc\u00e9es ; L\u00e9ger et respirant ; La doublure respirante offre un confort tout au long de la journ\u00e9e&nbsp;; Partie du pouce recouverte d\u2019\u00e9ponge, ce qui permet d\u2019essuyer la sueur du front&nbsp;; Fermeture velcro pour une adh\u00e9rence maximale pendant le traitement ; Certification europ\u00e9enne pour la protection m\u00e9canique : EN ISO 21420:2020 et EN388:2016 (2121X)<\/p>\n","protected":false},"excerpt":{"rendered":"<p>Con\u00e7u pour offrir une libert\u00e9 de mouvement et de manipulation de petits objets&nbsp;; Paume et couture de pouce renforc\u00e9es ;<\/p>\n","protected":false},"featured_media":484118,"template":"","meta":{"_seopress_robots_primary_cat":"","_seopress_titles_title":"","_seopress_titles_desc":"","_seopress_robots_index":""},"product_brand":[3407],"product_cat":[29,558],"product_tag":[3270],"class_list":{"0":"post-501693","1":"product","2":"type-product","3":"status-publish","4":"has-post-thumbnail","6":"product_brand-milwaukee","7":"product_cat-macchinari","8":"product_cat-seghe-accessori-vari","9":"product_tag-import-milwau","10":"sws-gruppo-macchinari-fr","11":"sws-conto-ricavi-merci-rivendita-macchinari-fr","12":"sws-gruppo-iva-iva81-fr","14":"first","15":"instock","16":"sale","17":"shipping-taxable","18":"purchasable","19":"product-type-simple"},"_links":{"self":[{"href":"https:\/\/lucacastelli.com\/fr\/wp-json\/wp\/v2\/product\/501693","targetHints":{"allow":["GET"]}}],"collection":[{"href":"https:\/\/lucacastelli.com\/fr\/wp-json\/wp\/v2\/product"}],"about":[{"href":"https:\/\/lucacastelli.com\/fr\/wp-json\/wp\/v2\/types\/product"}],"wp:featuredmedia":[{"embeddable":true,"href":"https:\/\/lucacastelli.com\/fr\/wp-json\/wp\/v2\/media\/484118"}],"wp:attachment":[{"href":"https:\/\/lucacastelli.com\/fr\/wp-json\/wp\/v2\/media?parent=501693"}],"wp:term":[{"taxonomy":"product_brand","embeddable":true,"href":"https:\/\/lucacastelli.com\/fr\/wp-json\/wp\/v2\/product_brand?post=501693"},{"taxonomy":"product_cat","embeddable":true,"href":"https:\/\/lucacastelli.com\/fr\/wp-json\/wp\/v2\/product_cat?post=501693"},{"taxonomy":"product_tag","embeddable":true,"href":"https:\/\/lucacastelli.com\/fr\/wp-json\/wp\/v2\/product_tag?post=501693"}],"curies":[{"name":"wp","href":"https:\/\/api.w.org\/{rel}","templated":true}]}}