{"id":501684,"date":"2025-07-12T17:51:06","date_gmt":"2025-07-12T15:51:06","guid":{"rendered":"https:\/\/lucacastelli.com\/prodotto\/milwaukee-gants-de-travail-4\/"},"modified":"2025-07-12T17:51:06","modified_gmt":"2025-07-12T15:51:06","slug":"milwaukee-gants-de-travail-4","status":"publish","type":"product","link":"https:\/\/lucacastelli.com\/fr\/produit\/milwaukee-gants-de-travail-4\/","title":{"rendered":"MILWAUKEE Gants de travail"},"content":{"rendered":"<p>Paume et bout des doigts renforc\u00e9s ARMORTEX\u2122. Pour augmenter la durabilit\u00e9 et la protection&nbsp;; SMARTSWIPE- \u2122 Insert en tissu conducteur plac\u00e9 sur l\u2019articulation de l\u2019index, qui vous permet d\u2019utiliser des appareils \u00e0 \u00e9cran tactile sans retirer le gant&nbsp;; Tissu synth\u00e9tique respirant \u00e0 l\u2019arri\u00e8re, pour un maximum de confort et de respirabilit\u00e9 ; Protection des articulations avec renfort en TPR (caoutchouc thermoplastique) ; Partie du pouce recouverte d\u2019une \u00e9ponge qui permet d\u2019essuyer la sueur du front&nbsp;; Fermeture velcro pour un maintien et un confort maximum lors de l\u2019application ; Certification europ\u00e9enne pour la protection m\u00e9canique : EN ISO 21420 et EN388:2016 (2121X) <\/p>\n","protected":false},"excerpt":{"rendered":"<p>Paume et bout des doigts renforc\u00e9s ARMORTEX\u2122. Pour augmenter la durabilit\u00e9 et la protection&nbsp;; SMARTSWIPE- \u2122 Insert en tissu conducteur<\/p>\n","protected":false},"featured_media":484070,"template":"","meta":{"_seopress_robots_primary_cat":"","_seopress_titles_title":"","_seopress_titles_desc":"","_seopress_robots_index":""},"product_brand":[3407],"product_cat":[29,558],"product_tag":[3270],"class_list":{"0":"post-501684","1":"product","2":"type-product","3":"status-publish","4":"has-post-thumbnail","6":"product_brand-milwaukee","7":"product_cat-macchinari","8":"product_cat-seghe-accessori-vari","9":"product_tag-import-milwau","10":"sws-gruppo-macchinari-fr","11":"sws-conto-ricavi-merci-rivendita-macchinari-fr","12":"sws-gruppo-iva-iva81-fr","14":"first","15":"instock","16":"sale","17":"shipping-taxable","18":"purchasable","19":"product-type-simple"},"_links":{"self":[{"href":"https:\/\/lucacastelli.com\/fr\/wp-json\/wp\/v2\/product\/501684","targetHints":{"allow":["GET"]}}],"collection":[{"href":"https:\/\/lucacastelli.com\/fr\/wp-json\/wp\/v2\/product"}],"about":[{"href":"https:\/\/lucacastelli.com\/fr\/wp-json\/wp\/v2\/types\/product"}],"wp:featuredmedia":[{"embeddable":true,"href":"https:\/\/lucacastelli.com\/fr\/wp-json\/wp\/v2\/media\/484070"}],"wp:attachment":[{"href":"https:\/\/lucacastelli.com\/fr\/wp-json\/wp\/v2\/media?parent=501684"}],"wp:term":[{"taxonomy":"product_brand","embeddable":true,"href":"https:\/\/lucacastelli.com\/fr\/wp-json\/wp\/v2\/product_brand?post=501684"},{"taxonomy":"product_cat","embeddable":true,"href":"https:\/\/lucacastelli.com\/fr\/wp-json\/wp\/v2\/product_cat?post=501684"},{"taxonomy":"product_tag","embeddable":true,"href":"https:\/\/lucacastelli.com\/fr\/wp-json\/wp\/v2\/product_tag?post=501684"}],"curies":[{"name":"wp","href":"https:\/\/api.w.org\/{rel}","templated":true}]}}