{"id":501677,"date":"2025-07-12T17:51:02","date_gmt":"2025-07-12T15:51:02","guid":{"rendered":"https:\/\/lucacastelli.com\/prodotto\/milwaukee-gants-de-travail\/"},"modified":"2025-07-12T17:51:02","modified_gmt":"2025-07-12T15:51:02","slug":"milwaukee-gants-de-travail","status":"publish","type":"product","link":"https:\/\/lucacastelli.com\/fr\/produit\/milwaukee-gants-de-travail\/","title":{"rendered":"MILWAUKEE Gants de travail"},"content":{"rendered":"<p>SMARTSWIPE- \u2122 Insert en tissu conducteur plac\u00e9 sur l\u2019articulation de l\u2019index et sur le bout des doigts. Vous permet d\u2019utiliser des appareils \u00e0 \u00e9cran tactile sans retirer le gant ; Gants souples et \u00e9lastiques ; L\u00e9ger et respirant ; Paume renforc\u00e9e ; Grande dext\u00e9rit\u00e9 des doigts pendant l\u2019utilisation&nbsp;; Partie du pouce recouverte d\u2019\u00e9ponge, ce qui permet d\u2019essuyer la sueur du front&nbsp;; Certification europ\u00e9enne pour la protection m\u00e9canique : EN ISO 21420:2020 et EN388:2016 (2121X) <\/p>\n","protected":false},"excerpt":{"rendered":"<p>SMARTSWIPE- \u2122 Insert en tissu conducteur plac\u00e9 sur l\u2019articulation de l\u2019index et sur le bout des doigts. Vous permet d\u2019utiliser<\/p>\n","protected":false},"featured_media":483996,"template":"","meta":{"_seopress_robots_primary_cat":"","_seopress_titles_title":"","_seopress_titles_desc":"","_seopress_robots_index":""},"product_brand":[3407],"product_cat":[29,558],"product_tag":[3270],"class_list":{"0":"post-501677","1":"product","2":"type-product","3":"status-publish","4":"has-post-thumbnail","6":"product_brand-milwaukee","7":"product_cat-macchinari","8":"product_cat-seghe-accessori-vari","9":"product_tag-import-milwau","10":"sws-gruppo-macchinari-fr","11":"sws-conto-ricavi-merci-rivendita-macchinari-fr","12":"sws-gruppo-iva-iva81-fr","14":"first","15":"instock","16":"sale","17":"shipping-taxable","18":"purchasable","19":"product-type-simple"},"_links":{"self":[{"href":"https:\/\/lucacastelli.com\/fr\/wp-json\/wp\/v2\/product\/501677","targetHints":{"allow":["GET"]}}],"collection":[{"href":"https:\/\/lucacastelli.com\/fr\/wp-json\/wp\/v2\/product"}],"about":[{"href":"https:\/\/lucacastelli.com\/fr\/wp-json\/wp\/v2\/types\/product"}],"wp:featuredmedia":[{"embeddable":true,"href":"https:\/\/lucacastelli.com\/fr\/wp-json\/wp\/v2\/media\/483996"}],"wp:attachment":[{"href":"https:\/\/lucacastelli.com\/fr\/wp-json\/wp\/v2\/media?parent=501677"}],"wp:term":[{"taxonomy":"product_brand","embeddable":true,"href":"https:\/\/lucacastelli.com\/fr\/wp-json\/wp\/v2\/product_brand?post=501677"},{"taxonomy":"product_cat","embeddable":true,"href":"https:\/\/lucacastelli.com\/fr\/wp-json\/wp\/v2\/product_cat?post=501677"},{"taxonomy":"product_tag","embeddable":true,"href":"https:\/\/lucacastelli.com\/fr\/wp-json\/wp\/v2\/product_tag?post=501677"}],"curies":[{"name":"wp","href":"https:\/\/api.w.org\/{rel}","templated":true}]}}