{"id":501670,"date":"2025-07-12T17:50:47","date_gmt":"2025-07-12T15:50:47","guid":{"rendered":"https:\/\/lucacastelli.com\/prodotto\/milwaukee-coupe-tubes-2\/"},"modified":"2025-07-12T17:50:47","modified_gmt":"2025-07-12T15:50:47","slug":"milwaukee-coupe-tubes-2","status":"publish","type":"product","link":"https:\/\/lucacastelli.com\/fr\/produit\/milwaukee-coupe-tubes-2\/","title":{"rendered":"MILWAUKEE Coupe-tubes"},"content":{"rendered":"<p>Les coupe-tubes en cuivre sont con\u00e7us pour effectuer des coupes plus simples et plus nettes&nbsp;; La conception \u00e0 4 roues offre des coupes pr\u00e9cises et emp\u00eache le tube \u00e0 couper de glisser ; Les roulettes chrom\u00e9es offrent une r\u00e9sistance accrue \u00e0 la rouille et \u00e0 la corrosion&nbsp;; M\u00e9canisme de r\u00e9glage rapide&nbsp;; La lame permet un \u00e9bavurage rapide et facile ; Lame de rechange int\u00e9gr\u00e9e<\/p>\n","protected":false},"excerpt":{"rendered":"<p>Les coupe-tubes en cuivre sont con\u00e7us pour effectuer des coupes plus simples et plus nettes&nbsp;; La conception \u00e0 4 roues<\/p>\n","protected":false},"featured_media":483987,"template":"","meta":{"_seopress_robots_primary_cat":"","_seopress_titles_title":"","_seopress_titles_desc":"","_seopress_robots_index":""},"product_brand":[3407],"product_cat":[29,558],"product_tag":[3270],"class_list":{"0":"post-501670","1":"product","2":"type-product","3":"status-publish","4":"has-post-thumbnail","6":"product_brand-milwaukee","7":"product_cat-macchinari","8":"product_cat-seghe-accessori-vari","9":"product_tag-import-milwau","10":"sws-gruppo-macchinari-fr","11":"sws-conto-ricavi-merci-rivendita-macchinari-fr","12":"sws-gruppo-iva-iva81-fr","14":"first","15":"instock","16":"sale","17":"shipping-taxable","18":"purchasable","19":"product-type-simple"},"_links":{"self":[{"href":"https:\/\/lucacastelli.com\/fr\/wp-json\/wp\/v2\/product\/501670","targetHints":{"allow":["GET"]}}],"collection":[{"href":"https:\/\/lucacastelli.com\/fr\/wp-json\/wp\/v2\/product"}],"about":[{"href":"https:\/\/lucacastelli.com\/fr\/wp-json\/wp\/v2\/types\/product"}],"wp:featuredmedia":[{"embeddable":true,"href":"https:\/\/lucacastelli.com\/fr\/wp-json\/wp\/v2\/media\/483987"}],"wp:attachment":[{"href":"https:\/\/lucacastelli.com\/fr\/wp-json\/wp\/v2\/media?parent=501670"}],"wp:term":[{"taxonomy":"product_brand","embeddable":true,"href":"https:\/\/lucacastelli.com\/fr\/wp-json\/wp\/v2\/product_brand?post=501670"},{"taxonomy":"product_cat","embeddable":true,"href":"https:\/\/lucacastelli.com\/fr\/wp-json\/wp\/v2\/product_cat?post=501670"},{"taxonomy":"product_tag","embeddable":true,"href":"https:\/\/lucacastelli.com\/fr\/wp-json\/wp\/v2\/product_tag?post=501670"}],"curies":[{"name":"wp","href":"https:\/\/api.w.org\/{rel}","templated":true}]}}