{"id":501334,"date":"2025-07-18T09:39:40","date_gmt":"2025-07-18T07:39:40","guid":{"rendered":"https:\/\/lucacastelli.com\/prodotto\/coupe-billes-milwaukee-hss-8\/"},"modified":"2025-07-18T09:39:40","modified_gmt":"2025-07-18T07:39:40","slug":"coupe-billes-milwaukee-hss-8","status":"publish","type":"product","link":"https:\/\/lucacastelli.com\/fr\/produit\/coupe-billes-milwaukee-hss-8\/","title":{"rendered":"Coupe-billes MILWAUKEE HSS"},"content":{"rendered":"<p>100&nbsp;% plus rapide Gr\u00e2ce \u00e0 la pr\u00e9sence de plus d\u2019ar\u00eates de coupe, le trou avec les fraises est nettement plus rapide&nbsp;; Dur\u00e9e de vie plus longue. La fraise subit moins de frottement pendant le trou, par rapport \u00e0 la pointe m\u00e9tallique classique. Cette caract\u00e9ristique, associ\u00e9e \u00e0 l\u2019\u00e9paisseur de 6 mm, vous permet de minimiser le risque de casse de la pointe elle-m\u00eame ; Fraises HSS \u00e0 parois \u00e9paisses pour une dur\u00e9e de vie et une dur\u00e9e de vie plus longues&nbsp;; Coupe-m\u00e9taux HSS avec tige Weldon de 19 mm  <\/p>\n","protected":false},"excerpt":{"rendered":"<p>100&nbsp;% plus rapide Gr\u00e2ce \u00e0 la pr\u00e9sence de plus d\u2019ar\u00eates de coupe, le trou avec les fraises est nettement plus<\/p>\n","protected":false},"featured_media":494196,"template":"","meta":{"_seopress_robots_primary_cat":"","_seopress_titles_title":"","_seopress_titles_desc":"","_seopress_robots_index":""},"product_brand":[3656],"product_cat":[169,1553,1554],"product_tag":[3272],"class_list":{"0":"post-501334","1":"product","2":"type-product","3":"status-publish","4":"has-post-thumbnail","6":"product_brand-milwaukee-de","7":"product_cat-maschinen","8":"product_cat-bohrer-und-schraubendreher","9":"product_cat-zubehor-fur-bohrmaschinen-und-schraubendreher","10":"product_tag-import-milwau-de","11":"sws-gruppo-macchinari-fr","12":"sws-conto-ricavi-merci-rivendita-macchinari-fr","13":"sws-gruppo-iva-iva81-fr","15":"first","16":"onbackorder","17":"sale","18":"shipping-taxable","19":"purchasable","20":"product-type-simple"},"_links":{"self":[{"href":"https:\/\/lucacastelli.com\/fr\/wp-json\/wp\/v2\/product\/501334","targetHints":{"allow":["GET"]}}],"collection":[{"href":"https:\/\/lucacastelli.com\/fr\/wp-json\/wp\/v2\/product"}],"about":[{"href":"https:\/\/lucacastelli.com\/fr\/wp-json\/wp\/v2\/types\/product"}],"wp:featuredmedia":[{"embeddable":true,"href":"https:\/\/lucacastelli.com\/fr\/wp-json\/wp\/v2\/media\/494196"}],"wp:attachment":[{"href":"https:\/\/lucacastelli.com\/fr\/wp-json\/wp\/v2\/media?parent=501334"}],"wp:term":[{"taxonomy":"product_brand","embeddable":true,"href":"https:\/\/lucacastelli.com\/fr\/wp-json\/wp\/v2\/product_brand?post=501334"},{"taxonomy":"product_cat","embeddable":true,"href":"https:\/\/lucacastelli.com\/fr\/wp-json\/wp\/v2\/product_cat?post=501334"},{"taxonomy":"product_tag","embeddable":true,"href":"https:\/\/lucacastelli.com\/fr\/wp-json\/wp\/v2\/product_tag?post=501334"}],"curies":[{"name":"wp","href":"https:\/\/api.w.org\/{rel}","templated":true}]}}