{"id":501219,"date":"2025-07-18T09:38:35","date_gmt":"2025-07-18T07:38:35","guid":{"rendered":"https:\/\/lucacastelli.com\/prodotto\/mandrins-industriels-sans-cle-milwaukee-pour-perceuses-a-percussion\/"},"modified":"2025-07-18T09:38:35","modified_gmt":"2025-07-18T07:38:35","slug":"mandrins-industriels-sans-cle-milwaukee-pour-perceuses-a-percussion","status":"publish","type":"product","link":"https:\/\/lucacastelli.com\/fr\/produit\/mandrins-industriels-sans-cle-milwaukee-pour-perceuses-a-percussion\/","title":{"rendered":"Mandrins industriels sans cl\u00e9 MILWAUKEE pour perceuses \u00e0 percussion"},"content":{"rendered":"<p>Mandrins \u00e0 haute pr\u00e9cision de concentricit\u00e9 pour les perceuses&nbsp;; Le mandrin \u00e0 tension rapide est tendu sans effort avec la main ; Les mandrins de per\u00e7age sont utilis\u00e9s pour loger des perceuses et d\u2019autres outils&nbsp;;<\/p>\n","protected":false},"excerpt":{"rendered":"<p>Mandrins \u00e0 haute pr\u00e9cision de concentricit\u00e9 pour les perceuses&nbsp;; Le mandrin \u00e0 tension rapide est tendu sans effort avec la<\/p>\n","protected":false},"featured_media":493942,"template":"","meta":{"_seopress_robots_primary_cat":"","_seopress_titles_title":"","_seopress_titles_desc":"","_seopress_robots_index":""},"product_brand":[3407],"product_cat":[29,549,550],"product_tag":[3270],"class_list":{"0":"post-501219","1":"product","2":"type-product","3":"status-publish","4":"has-post-thumbnail","6":"product_brand-milwaukee","7":"product_cat-macchinari","8":"product_cat-trapani-e-avvitatori","9":"product_cat-accessori-per-trapani-ed-avvitatori","10":"product_tag-import-milwau","11":"sws-gruppo-macchinari-fr","12":"sws-conto-ricavi-merci-rivendita-macchinari-fr","13":"sws-gruppo-iva-iva81-fr","15":"first","16":"onbackorder","17":"sale","18":"shipping-taxable","19":"purchasable","20":"product-type-simple"},"_links":{"self":[{"href":"https:\/\/lucacastelli.com\/fr\/wp-json\/wp\/v2\/product\/501219","targetHints":{"allow":["GET"]}}],"collection":[{"href":"https:\/\/lucacastelli.com\/fr\/wp-json\/wp\/v2\/product"}],"about":[{"href":"https:\/\/lucacastelli.com\/fr\/wp-json\/wp\/v2\/types\/product"}],"wp:featuredmedia":[{"embeddable":true,"href":"https:\/\/lucacastelli.com\/fr\/wp-json\/wp\/v2\/media\/493942"}],"wp:attachment":[{"href":"https:\/\/lucacastelli.com\/fr\/wp-json\/wp\/v2\/media?parent=501219"}],"wp:term":[{"taxonomy":"product_brand","embeddable":true,"href":"https:\/\/lucacastelli.com\/fr\/wp-json\/wp\/v2\/product_brand?post=501219"},{"taxonomy":"product_cat","embeddable":true,"href":"https:\/\/lucacastelli.com\/fr\/wp-json\/wp\/v2\/product_cat?post=501219"},{"taxonomy":"product_tag","embeddable":true,"href":"https:\/\/lucacastelli.com\/fr\/wp-json\/wp\/v2\/product_tag?post=501219"}],"curies":[{"name":"wp","href":"https:\/\/api.w.org\/{rel}","templated":true}]}}