{"id":501202,"date":"2025-07-18T09:38:26","date_gmt":"2025-07-18T07:38:26","guid":{"rendered":"https:\/\/lucacastelli.com\/prodotto\/milwaukee-forstner-forsters-3\/"},"modified":"2025-07-18T09:38:26","modified_gmt":"2025-07-18T07:38:26","slug":"milwaukee-forstner-forsters-3","status":"publish","type":"product","link":"https:\/\/lucacastelli.com\/fr\/produit\/milwaukee-forstner-forsters-3\/","title":{"rendered":"MILWAUKEE Forstner Forsters"},"content":{"rendered":"<p>Pointe de centrage pour un positionnement pr\u00e9cis et ar\u00eates de coupe p\u00e9riph\u00e9riques pour un per\u00e7age pr\u00e9cis et sans \u00e9clats ; Fabriqu\u00e9 selon les normes DIN 74836. Id\u00e9al pour les applications intensives dans les bois tendres, les bois durs, les grains, les feuilles stratifi\u00e9es, le contreplaqu\u00e9 et les panneaux de particules <\/p>\n","protected":false},"excerpt":{"rendered":"<p>Pointe de centrage pour un positionnement pr\u00e9cis et ar\u00eates de coupe p\u00e9riph\u00e9riques pour un per\u00e7age pr\u00e9cis et sans \u00e9clats ;<\/p>\n","protected":false},"featured_media":493884,"template":"","meta":{"_seopress_robots_primary_cat":"","_seopress_titles_title":"","_seopress_titles_desc":"","_seopress_robots_index":""},"product_brand":[3407],"product_cat":[29,549,550],"product_tag":[3270],"class_list":{"0":"post-501202","1":"product","2":"type-product","3":"status-publish","4":"has-post-thumbnail","6":"product_brand-milwaukee","7":"product_cat-macchinari","8":"product_cat-trapani-e-avvitatori","9":"product_cat-accessori-per-trapani-ed-avvitatori","10":"product_tag-import-milwau","11":"sws-gruppo-macchinari-fr","12":"sws-conto-ricavi-merci-rivendita-macchinari-fr","13":"sws-gruppo-iva-iva81-fr","15":"first","16":"onbackorder","17":"sale","18":"shipping-taxable","19":"purchasable","20":"product-type-simple"},"_links":{"self":[{"href":"https:\/\/lucacastelli.com\/fr\/wp-json\/wp\/v2\/product\/501202","targetHints":{"allow":["GET"]}}],"collection":[{"href":"https:\/\/lucacastelli.com\/fr\/wp-json\/wp\/v2\/product"}],"about":[{"href":"https:\/\/lucacastelli.com\/fr\/wp-json\/wp\/v2\/types\/product"}],"wp:featuredmedia":[{"embeddable":true,"href":"https:\/\/lucacastelli.com\/fr\/wp-json\/wp\/v2\/media\/493884"}],"wp:attachment":[{"href":"https:\/\/lucacastelli.com\/fr\/wp-json\/wp\/v2\/media?parent=501202"}],"wp:term":[{"taxonomy":"product_brand","embeddable":true,"href":"https:\/\/lucacastelli.com\/fr\/wp-json\/wp\/v2\/product_brand?post=501202"},{"taxonomy":"product_cat","embeddable":true,"href":"https:\/\/lucacastelli.com\/fr\/wp-json\/wp\/v2\/product_cat?post=501202"},{"taxonomy":"product_tag","embeddable":true,"href":"https:\/\/lucacastelli.com\/fr\/wp-json\/wp\/v2\/product_tag?post=501202"}],"curies":[{"name":"wp","href":"https:\/\/api.w.org\/{rel}","templated":true}]}}