{"id":501127,"date":"2025-07-18T09:43:47","date_gmt":"2025-07-18T07:43:47","guid":{"rendered":"https:\/\/lucacastelli.com\/prodotto\/milwaukee-forets-a-metaux-forges-hss-g-cobalt-din-338-3\/"},"modified":"2025-07-18T09:43:47","modified_gmt":"2025-07-18T07:43:47","slug":"milwaukee-forets-a-metaux-forges-hss-g-cobalt-din-338-3","status":"publish","type":"product","link":"https:\/\/lucacastelli.com\/fr\/produit\/milwaukee-forets-a-metaux-forges-hss-g-cobalt-din-338-3\/","title":{"rendered":"MILWAUKEE Forets \u00e0 m\u00e9taux forg\u00e9s HSS-G COBALT &#8211; DIN 338"},"content":{"rendered":"<p>Forets au sol en HSS de cobalt qui sont particuli\u00e8rement r\u00e9sistants \u00e0 la chaleur et fabriqu\u00e9s selon les normes DIN 338. Finition brillante ; Ar\u00eates de coupe avec un angle de coupe de 135\u00b0. Il ne n\u00e9cessite pas de poin\u00e7on de centrage&nbsp;; La pr\u00e9sence de Cobalt (5&nbsp;%) emp\u00eache la pointe de surchauffer&nbsp;; L\u2019h\u00e9lice de type N peut \u00eatre utilis\u00e9e pour percer l\u2019acier, la fonte et les alliages avec une r\u00e9sistance \u00e0 la traction allant jusqu\u2019\u00e0 1000 N\/mm2, le bois, le plastique et l\u2019acier inoxydable&nbsp;; Convient pour le per\u00e7age dans des aciers et des m\u00e9taux \u00e0 forte teneur en alliage avec des r\u00e9sistances \u00e0 la traction sup\u00e9rieures \u00e0 1000 N\/mm\u00b2 tels que les aciers r\u00e9sistants \u00e0 la chaleur et aux acides et l\u2019acier inoxydable  <\/p>\n","protected":false},"excerpt":{"rendered":"<p>Forets au sol en HSS de cobalt qui sont particuli\u00e8rement r\u00e9sistants \u00e0 la chaleur et fabriqu\u00e9s selon les normes DIN<\/p>\n","protected":false},"featured_media":493295,"template":"","meta":{"_seopress_robots_primary_cat":"","_seopress_titles_title":"","_seopress_titles_desc":"","_seopress_robots_index":""},"product_brand":[3407],"product_cat":[29,549,550],"product_tag":[3270],"class_list":{"0":"post-501127","1":"product","2":"type-product","3":"status-publish","4":"has-post-thumbnail","6":"product_brand-milwaukee","7":"product_cat-macchinari","8":"product_cat-trapani-e-avvitatori","9":"product_cat-accessori-per-trapani-ed-avvitatori","10":"product_tag-import-milwau","11":"sws-gruppo-macchinari-fr","12":"sws-conto-ricavi-merci-rivendita-macchinari-fr","13":"sws-gruppo-iva-iva81-fr","15":"first","16":"onbackorder","17":"sale","18":"shipping-taxable","19":"purchasable","20":"product-type-simple"},"_links":{"self":[{"href":"https:\/\/lucacastelli.com\/fr\/wp-json\/wp\/v2\/product\/501127","targetHints":{"allow":["GET"]}}],"collection":[{"href":"https:\/\/lucacastelli.com\/fr\/wp-json\/wp\/v2\/product"}],"about":[{"href":"https:\/\/lucacastelli.com\/fr\/wp-json\/wp\/v2\/types\/product"}],"wp:featuredmedia":[{"embeddable":true,"href":"https:\/\/lucacastelli.com\/fr\/wp-json\/wp\/v2\/media\/493295"}],"wp:attachment":[{"href":"https:\/\/lucacastelli.com\/fr\/wp-json\/wp\/v2\/media?parent=501127"}],"wp:term":[{"taxonomy":"product_brand","embeddable":true,"href":"https:\/\/lucacastelli.com\/fr\/wp-json\/wp\/v2\/product_brand?post=501127"},{"taxonomy":"product_cat","embeddable":true,"href":"https:\/\/lucacastelli.com\/fr\/wp-json\/wp\/v2\/product_cat?post=501127"},{"taxonomy":"product_tag","embeddable":true,"href":"https:\/\/lucacastelli.com\/fr\/wp-json\/wp\/v2\/product_tag?post=501127"}],"curies":[{"name":"wp","href":"https:\/\/api.w.org\/{rel}","templated":true}]}}