{"id":501124,"date":"2025-07-18T09:43:49","date_gmt":"2025-07-18T07:43:49","guid":{"rendered":"https:\/\/lucacastelli.com\/prodotto\/milwaukee-coupe-bois-a-tete-plate-23\/"},"modified":"2025-07-18T09:43:49","modified_gmt":"2025-07-18T07:43:49","slug":"milwaukee-coupe-bois-a-tete-plate-23","status":"publish","type":"product","link":"https:\/\/lucacastelli.com\/fr\/produit\/milwaukee-coupe-bois-a-tete-plate-23\/","title":{"rendered":"MILWAUKEE Coupe-bois \u00e0 t\u00eate plate"},"content":{"rendered":"<p>Ils permettent un per\u00e7age rapide et efficace de grands diam\u00e8tres ; Optimal pour l\u2019application sur les bois tendres et durs, les panneaux de particules (id\u00e9al pour les serrures)&nbsp;; Id\u00e9al pour les fen\u00eatres et les installations de plomberie ou \u00e9lectriques&nbsp;; Tige hexagonale 1\/4Zoll (DIN E 6.3) pour une fixation directe sur l\u2019outil \u00e9lectrique et pour un serrage s\u00fbr du mandrin ; Pointe de centrage rectifi\u00e9e pour un per\u00e7age pr\u00e9cis et pattes de coupe rectifi\u00e9es pour am\u00e9liorer le rendement du forage<\/p>\n","protected":false},"excerpt":{"rendered":"<p>Ils permettent un per\u00e7age rapide et efficace de grands diam\u00e8tres ; Optimal pour l\u2019application sur les bois tendres et durs,<\/p>\n","protected":false},"featured_media":493254,"template":"","meta":{"_seopress_robots_primary_cat":"","_seopress_titles_title":"","_seopress_titles_desc":"","_seopress_robots_index":""},"product_brand":[3407],"product_cat":[29,549,550],"product_tag":[3270],"class_list":{"0":"post-501124","1":"product","2":"type-product","3":"status-publish","4":"has-post-thumbnail","6":"product_brand-milwaukee","7":"product_cat-macchinari","8":"product_cat-trapani-e-avvitatori","9":"product_cat-accessori-per-trapani-ed-avvitatori","10":"product_tag-import-milwau","11":"sws-gruppo-macchinari-fr","12":"sws-conto-ricavi-merci-rivendita-macchinari-fr","13":"sws-gruppo-iva-iva81-fr","15":"first","16":"onbackorder","17":"sale","18":"shipping-taxable","19":"purchasable","20":"product-type-simple"},"_links":{"self":[{"href":"https:\/\/lucacastelli.com\/fr\/wp-json\/wp\/v2\/product\/501124","targetHints":{"allow":["GET"]}}],"collection":[{"href":"https:\/\/lucacastelli.com\/fr\/wp-json\/wp\/v2\/product"}],"about":[{"href":"https:\/\/lucacastelli.com\/fr\/wp-json\/wp\/v2\/types\/product"}],"wp:featuredmedia":[{"embeddable":true,"href":"https:\/\/lucacastelli.com\/fr\/wp-json\/wp\/v2\/media\/493254"}],"wp:attachment":[{"href":"https:\/\/lucacastelli.com\/fr\/wp-json\/wp\/v2\/media?parent=501124"}],"wp:term":[{"taxonomy":"product_brand","embeddable":true,"href":"https:\/\/lucacastelli.com\/fr\/wp-json\/wp\/v2\/product_brand?post=501124"},{"taxonomy":"product_cat","embeddable":true,"href":"https:\/\/lucacastelli.com\/fr\/wp-json\/wp\/v2\/product_cat?post=501124"},{"taxonomy":"product_tag","embeddable":true,"href":"https:\/\/lucacastelli.com\/fr\/wp-json\/wp\/v2\/product_tag?post=501124"}],"curies":[{"name":"wp","href":"https:\/\/api.w.org\/{rel}","templated":true}]}}