{"id":501122,"date":"2025-07-18T09:43:45","date_gmt":"2025-07-18T07:43:45","guid":{"rendered":"https:\/\/lucacastelli.com\/prodotto\/milwaukee-forets-a-bois-helicoidaux-20\/"},"modified":"2025-07-18T09:43:45","modified_gmt":"2025-07-18T07:43:45","slug":"milwaukee-forets-a-bois-helicoidaux-20","status":"publish","type":"product","link":"https:\/\/lucacastelli.com\/fr\/produit\/milwaukee-forets-a-bois-helicoidaux-20\/","title":{"rendered":"MILWAUKEE Forets \u00e0 bois h\u00e9lico\u00efdaux"},"content":{"rendered":"<p>Pour le per\u00e7age de pr\u00e9cision intensif dans le bois tendre et le bois dur, dans les rondins de grande section, les poutres, les planchers, les panneaux de particules et le contreplaqu\u00e9 ; Conception rainur\u00e9e Lewis, pour un enl\u00e8vement rapide des copeaux, avec des tiges hexagonales pour une prise s\u00fbre du mandrin ; Avec fixation hexagonale pour une meilleure r\u00e9tention<\/p>\n","protected":false},"excerpt":{"rendered":"<p>Pour le per\u00e7age de pr\u00e9cision intensif dans le bois tendre et le bois dur, dans les rondins de grande section,<\/p>\n","protected":false},"featured_media":493747,"template":"","meta":{"_seopress_robots_primary_cat":"","_seopress_titles_title":"","_seopress_titles_desc":"","_seopress_robots_index":""},"product_brand":[3407],"product_cat":[29,549,550],"product_tag":[3270],"class_list":{"0":"post-501122","1":"product","2":"type-product","3":"status-publish","4":"has-post-thumbnail","6":"product_brand-milwaukee","7":"product_cat-macchinari","8":"product_cat-trapani-e-avvitatori","9":"product_cat-accessori-per-trapani-ed-avvitatori","10":"product_tag-import-milwau","11":"sws-gruppo-macchinari-fr","12":"sws-conto-ricavi-merci-rivendita-macchinari-fr","13":"sws-gruppo-iva-iva81-fr","15":"first","16":"onbackorder","17":"sale","18":"shipping-taxable","19":"purchasable","20":"product-type-simple"},"_links":{"self":[{"href":"https:\/\/lucacastelli.com\/fr\/wp-json\/wp\/v2\/product\/501122","targetHints":{"allow":["GET"]}}],"collection":[{"href":"https:\/\/lucacastelli.com\/fr\/wp-json\/wp\/v2\/product"}],"about":[{"href":"https:\/\/lucacastelli.com\/fr\/wp-json\/wp\/v2\/types\/product"}],"wp:featuredmedia":[{"embeddable":true,"href":"https:\/\/lucacastelli.com\/fr\/wp-json\/wp\/v2\/media\/493747"}],"wp:attachment":[{"href":"https:\/\/lucacastelli.com\/fr\/wp-json\/wp\/v2\/media?parent=501122"}],"wp:term":[{"taxonomy":"product_brand","embeddable":true,"href":"https:\/\/lucacastelli.com\/fr\/wp-json\/wp\/v2\/product_brand?post=501122"},{"taxonomy":"product_cat","embeddable":true,"href":"https:\/\/lucacastelli.com\/fr\/wp-json\/wp\/v2\/product_cat?post=501122"},{"taxonomy":"product_tag","embeddable":true,"href":"https:\/\/lucacastelli.com\/fr\/wp-json\/wp\/v2\/product_tag?post=501122"}],"curies":[{"name":"wp","href":"https:\/\/api.w.org\/{rel}","templated":true}]}}