{"id":501023,"date":"2025-07-18T09:42:28","date_gmt":"2025-07-18T07:42:28","guid":{"rendered":"https:\/\/lucacastelli.com\/prodotto\/milwaukee-hss-cv-helicoidaux-din-7490-3\/"},"modified":"2025-07-18T09:42:28","modified_gmt":"2025-07-18T07:42:28","slug":"milwaukee-hss-cv-helicoidaux-din-7490-3","status":"publish","type":"product","link":"https:\/\/lucacastelli.com\/fr\/produit\/milwaukee-hss-cv-helicoidaux-din-7490-3\/","title":{"rendered":"MILWAUKEE HSS CV h\u00e9lico\u00efdaux &#8211; DIN 7490"},"content":{"rendered":"<p>Fabriqu\u00e9 avec de l\u2019acier HSS pour plus de durabilit\u00e9&nbsp;; Particuli\u00e8rement adapt\u00e9 pour ouvrir des trous profonds dans les bois durs et tendres, les panneaux de particules et le contreplaqu\u00e9. Id\u00e9al pour les applications de coffrage ; Fabriqu\u00e9 selon les normes DIN 7490 ; Le corps du foret est reli\u00e9 directement \u00e0 la tige cylindrique, \u00e9liminant ainsi le risque de casse et assurant une concentricit\u00e9 absolue ; La rainure permet une explosion facile et rapide du copeau m\u00e9tallique&nbsp;; Fabriqu\u00e9 en Allemagne <\/p>\n","protected":false},"excerpt":{"rendered":"<p>Fabriqu\u00e9 avec de l\u2019acier HSS pour plus de durabilit\u00e9&nbsp;; Particuli\u00e8rement adapt\u00e9 pour ouvrir des trous profonds dans les bois durs<\/p>\n","protected":false},"featured_media":493732,"template":"","meta":{"_seopress_robots_primary_cat":"","_seopress_titles_title":"","_seopress_titles_desc":"","_seopress_robots_index":""},"product_brand":[3407],"product_cat":[29,549,550],"product_tag":[3270],"class_list":{"0":"post-501023","1":"product","2":"type-product","3":"status-publish","4":"has-post-thumbnail","6":"product_brand-milwaukee","7":"product_cat-macchinari","8":"product_cat-trapani-e-avvitatori","9":"product_cat-accessori-per-trapani-ed-avvitatori","10":"product_tag-import-milwau","11":"sws-gruppo-macchinari-fr","12":"sws-conto-ricavi-merci-rivendita-macchinari-fr","13":"sws-gruppo-iva-iva81-fr","15":"first","16":"onbackorder","17":"sale","18":"shipping-taxable","19":"purchasable","20":"product-type-simple"},"_links":{"self":[{"href":"https:\/\/lucacastelli.com\/fr\/wp-json\/wp\/v2\/product\/501023","targetHints":{"allow":["GET"]}}],"collection":[{"href":"https:\/\/lucacastelli.com\/fr\/wp-json\/wp\/v2\/product"}],"about":[{"href":"https:\/\/lucacastelli.com\/fr\/wp-json\/wp\/v2\/types\/product"}],"wp:featuredmedia":[{"embeddable":true,"href":"https:\/\/lucacastelli.com\/fr\/wp-json\/wp\/v2\/media\/493732"}],"wp:attachment":[{"href":"https:\/\/lucacastelli.com\/fr\/wp-json\/wp\/v2\/media?parent=501023"}],"wp:term":[{"taxonomy":"product_brand","embeddable":true,"href":"https:\/\/lucacastelli.com\/fr\/wp-json\/wp\/v2\/product_brand?post=501023"},{"taxonomy":"product_cat","embeddable":true,"href":"https:\/\/lucacastelli.com\/fr\/wp-json\/wp\/v2\/product_cat?post=501023"},{"taxonomy":"product_tag","embeddable":true,"href":"https:\/\/lucacastelli.com\/fr\/wp-json\/wp\/v2\/product_tag?post=501023"}],"curies":[{"name":"wp","href":"https:\/\/api.w.org\/{rel}","templated":true}]}}