{"id":500963,"date":"2025-07-18T09:42:06","date_gmt":"2025-07-18T07:42:06","guid":{"rendered":"https:\/\/lucacastelli.com\/prodotto\/milwaukee-din-7487-e-embouts-helicoidaux-pour-bois-4\/"},"modified":"2025-07-18T09:42:06","modified_gmt":"2025-07-18T07:42:06","slug":"milwaukee-din-7487-e-embouts-helicoidaux-pour-bois-4","status":"publish","type":"product","link":"https:\/\/lucacastelli.com\/fr\/produit\/milwaukee-din-7487-e-embouts-helicoidaux-pour-bois-4\/","title":{"rendered":"MILWAUKEE DIN 7487 E Embouts h\u00e9lico\u00efdaux pour bois"},"content":{"rendered":"<p>Convient pour le contreplaqu\u00e9, les panneaux de particules et les bois naturels de toute duret\u00e9. Fabriqu\u00e9 selon les normes DIN 7487 E ; Fabriqu\u00e9 selon la norme DIN 7487 E <\/p>\n","protected":false},"excerpt":{"rendered":"<p>Convient pour le contreplaqu\u00e9, les panneaux de particules et les bois naturels de toute duret\u00e9. Fabriqu\u00e9 selon les normes DIN<\/p>\n","protected":false},"featured_media":493645,"template":"","meta":{"_seopress_robots_primary_cat":"","_seopress_titles_title":"","_seopress_titles_desc":"","_seopress_robots_index":""},"product_brand":[3407],"product_cat":[29,549,550],"product_tag":[3270],"class_list":{"0":"post-500963","1":"product","2":"type-product","3":"status-publish","4":"has-post-thumbnail","6":"product_brand-milwaukee","7":"product_cat-macchinari","8":"product_cat-trapani-e-avvitatori","9":"product_cat-accessori-per-trapani-ed-avvitatori","10":"product_tag-import-milwau","11":"sws-gruppo-macchinari-fr","12":"sws-conto-ricavi-merci-rivendita-macchinari-fr","13":"sws-gruppo-iva-iva81-fr","15":"first","16":"onbackorder","17":"sale","18":"shipping-taxable","19":"purchasable","20":"product-type-simple"},"_links":{"self":[{"href":"https:\/\/lucacastelli.com\/fr\/wp-json\/wp\/v2\/product\/500963","targetHints":{"allow":["GET"]}}],"collection":[{"href":"https:\/\/lucacastelli.com\/fr\/wp-json\/wp\/v2\/product"}],"about":[{"href":"https:\/\/lucacastelli.com\/fr\/wp-json\/wp\/v2\/types\/product"}],"wp:featuredmedia":[{"embeddable":true,"href":"https:\/\/lucacastelli.com\/fr\/wp-json\/wp\/v2\/media\/493645"}],"wp:attachment":[{"href":"https:\/\/lucacastelli.com\/fr\/wp-json\/wp\/v2\/media?parent=500963"}],"wp:term":[{"taxonomy":"product_brand","embeddable":true,"href":"https:\/\/lucacastelli.com\/fr\/wp-json\/wp\/v2\/product_brand?post=500963"},{"taxonomy":"product_cat","embeddable":true,"href":"https:\/\/lucacastelli.com\/fr\/wp-json\/wp\/v2\/product_cat?post=500963"},{"taxonomy":"product_tag","embeddable":true,"href":"https:\/\/lucacastelli.com\/fr\/wp-json\/wp\/v2\/product_tag?post=500963"}],"curies":[{"name":"wp","href":"https:\/\/api.w.org\/{rel}","templated":true}]}}