{"id":500902,"date":"2025-07-18T09:41:21","date_gmt":"2025-07-18T07:41:21","guid":{"rendered":"https:\/\/lucacastelli.com\/prodotto\/milwaukee-hss-r-embouts-en-metal-forge-din-338-5\/"},"modified":"2025-07-18T09:41:21","modified_gmt":"2025-07-18T07:41:21","slug":"milwaukee-hss-r-embouts-en-metal-forge-din-338-5","status":"publish","type":"product","link":"https:\/\/lucacastelli.com\/fr\/produit\/milwaukee-hss-r-embouts-en-metal-forge-din-338-5\/","title":{"rendered":"MILWAUKEE HSS-R Embouts en m\u00e9tal forg\u00e9 &#8211; DIN 338"},"content":{"rendered":"<p>Forets forg\u00e9s HSS-R fabriqu\u00e9s selon la norme DIN 338 ; Le rev\u00eatement d\u2019oxyde permet un enl\u00e8vement rapide des copeaux. Ar\u00eates de coupe avec un angle de coupe de 118\u00b0 ; H\u00e9lice de type N&nbsp;; Peut \u00eatre utilis\u00e9 pour le per\u00e7age dans l\u2019acier, la fonte, les mat\u00e9riaux alli\u00e9s et avec une r\u00e9sistance \u00e0 la traction allant jusqu\u2019\u00e0 800 N\/mm2 ; Couleur&nbsp;: Noir <\/p>\n","protected":false},"excerpt":{"rendered":"<p>Forets forg\u00e9s HSS-R fabriqu\u00e9s selon la norme DIN 338 ; Le rev\u00eatement d\u2019oxyde permet un enl\u00e8vement rapide des copeaux. Ar\u00eates<\/p>\n","protected":false},"featured_media":493456,"template":"","meta":{"_seopress_robots_primary_cat":"","_seopress_titles_title":"","_seopress_titles_desc":"","_seopress_robots_index":""},"product_brand":[3407],"product_cat":[29,549,550],"product_tag":[3270],"class_list":{"0":"post-500902","1":"product","2":"type-product","3":"status-publish","4":"has-post-thumbnail","6":"product_brand-milwaukee","7":"product_cat-macchinari","8":"product_cat-trapani-e-avvitatori","9":"product_cat-accessori-per-trapani-ed-avvitatori","10":"product_tag-import-milwau","11":"sws-gruppo-macchinari-fr","12":"sws-conto-ricavi-merci-rivendita-macchinari-fr","13":"sws-gruppo-iva-iva81-fr","15":"first","16":"onbackorder","17":"sale","18":"shipping-taxable","19":"purchasable","20":"product-type-simple"},"_links":{"self":[{"href":"https:\/\/lucacastelli.com\/fr\/wp-json\/wp\/v2\/product\/500902","targetHints":{"allow":["GET"]}}],"collection":[{"href":"https:\/\/lucacastelli.com\/fr\/wp-json\/wp\/v2\/product"}],"about":[{"href":"https:\/\/lucacastelli.com\/fr\/wp-json\/wp\/v2\/types\/product"}],"wp:featuredmedia":[{"embeddable":true,"href":"https:\/\/lucacastelli.com\/fr\/wp-json\/wp\/v2\/media\/493456"}],"wp:attachment":[{"href":"https:\/\/lucacastelli.com\/fr\/wp-json\/wp\/v2\/media?parent=500902"}],"wp:term":[{"taxonomy":"product_brand","embeddable":true,"href":"https:\/\/lucacastelli.com\/fr\/wp-json\/wp\/v2\/product_brand?post=500902"},{"taxonomy":"product_cat","embeddable":true,"href":"https:\/\/lucacastelli.com\/fr\/wp-json\/wp\/v2\/product_cat?post=500902"},{"taxonomy":"product_tag","embeddable":true,"href":"https:\/\/lucacastelli.com\/fr\/wp-json\/wp\/v2\/product_tag?post=500902"}],"curies":[{"name":"wp","href":"https:\/\/api.w.org\/{rel}","templated":true}]}}