{"id":500851,"date":"2025-07-18T16:19:20","date_gmt":"2025-07-18T14:19:20","guid":{"rendered":"https:\/\/lucacastelli.com\/prodotto\/milwaukee-thunderweb-forets-a-metaux-hss-g-din-338-43\/"},"modified":"2025-07-18T16:19:20","modified_gmt":"2025-07-18T14:19:20","slug":"milwaukee-thunderweb-forets-a-metaux-hss-g-din-338-43","status":"publish","type":"product","link":"https:\/\/lucacastelli.com\/fr\/produit\/milwaukee-thunderweb-forets-a-metaux-hss-g-din-338-43\/","title":{"rendered":"MILWAUKEE THUNDERWEB forets \u00e0 m\u00e9taux HSS-G &#8211; DIN 338"},"content":{"rendered":"<p>La g\u00e9om\u00e9trie Thunderweb permet une \u00e9jection plus rapide des copeaux. Il permet \u00e9galement \u00e0 la chaleur de mieux se dissiper. Ces deux caract\u00e9ristiques lui conf\u00e8rent une plus grande vitesse de trou et une dur\u00e9e de vie de per\u00e7age plus longue&nbsp;; La section parabolique r\u00e9duit le risque que le foret se coince dans des trous profonds ; La section a une plus grande \u00e9paisseur et augmente \u00e0 mesure que l\u2019attache se rapproche (section conique). La section parabolique offre une plus grande r\u00e9sistance, un risque de rupture plus faible., excellent pour les trous particuli\u00e8rement profonds, dur\u00e9e de vie plus longue&nbsp;; Angle de coupe : 135\u00b0 ; La finition brillante permet une extraction plus rapide des copeaux et une dur\u00e9e de vie plus longue du foret&nbsp;; Cassettes ABS avec caoutchoutage sur les coins pour une plus grande r\u00e9sistance ; Supporte des charges de pression \u00e9lev\u00e9es<\/p>\n","protected":false},"excerpt":{"rendered":"<p>La g\u00e9om\u00e9trie Thunderweb permet une \u00e9jection plus rapide des copeaux. Il permet \u00e9galement \u00e0 la chaleur de mieux se dissiper.<\/p>\n","protected":false},"featured_media":492295,"template":"","meta":{"_seopress_robots_primary_cat":"","_seopress_titles_title":"","_seopress_titles_desc":"","_seopress_robots_index":""},"product_brand":[3407],"product_cat":[29,549,550],"product_tag":[3270],"class_list":{"0":"post-500851","1":"product","2":"type-product","3":"status-publish","4":"has-post-thumbnail","6":"product_brand-milwaukee","7":"product_cat-macchinari","8":"product_cat-trapani-e-avvitatori","9":"product_cat-accessori-per-trapani-ed-avvitatori","10":"product_tag-import-milwau","11":"sws-gruppo-macchinari-fr","12":"sws-conto-ricavi-merci-rivendita-macchinari-fr","13":"sws-gruppo-iva-iva81-fr","15":"first","16":"onbackorder","17":"sale","18":"shipping-taxable","19":"purchasable","20":"product-type-simple"},"_links":{"self":[{"href":"https:\/\/lucacastelli.com\/fr\/wp-json\/wp\/v2\/product\/500851","targetHints":{"allow":["GET"]}}],"collection":[{"href":"https:\/\/lucacastelli.com\/fr\/wp-json\/wp\/v2\/product"}],"about":[{"href":"https:\/\/lucacastelli.com\/fr\/wp-json\/wp\/v2\/types\/product"}],"wp:featuredmedia":[{"embeddable":true,"href":"https:\/\/lucacastelli.com\/fr\/wp-json\/wp\/v2\/media\/492295"}],"wp:attachment":[{"href":"https:\/\/lucacastelli.com\/fr\/wp-json\/wp\/v2\/media?parent=500851"}],"wp:term":[{"taxonomy":"product_brand","embeddable":true,"href":"https:\/\/lucacastelli.com\/fr\/wp-json\/wp\/v2\/product_brand?post=500851"},{"taxonomy":"product_cat","embeddable":true,"href":"https:\/\/lucacastelli.com\/fr\/wp-json\/wp\/v2\/product_cat?post=500851"},{"taxonomy":"product_tag","embeddable":true,"href":"https:\/\/lucacastelli.com\/fr\/wp-json\/wp\/v2\/product_tag?post=500851"}],"curies":[{"name":"wp","href":"https:\/\/api.w.org\/{rel}","templated":true}]}}