{"id":500838,"date":"2025-07-18T16:19:15","date_gmt":"2025-07-18T14:19:15","guid":{"rendered":"https:\/\/lucacastelli.com\/prodotto\/milwaukee-porte-embouts-magnetique-1-4-hex\/"},"modified":"2025-07-18T16:19:15","modified_gmt":"2025-07-18T14:19:15","slug":"milwaukee-porte-embouts-magnetique-1-4-hex","status":"publish","type":"product","link":"https:\/\/lucacastelli.com\/fr\/produit\/milwaukee-porte-embouts-magnetique-1-4-hex\/","title":{"rendered":"MILWAUKEE Porte-embouts magn\u00e9tique 1\/4&#8243; HEX"},"content":{"rendered":"<p>Acier trait\u00e9 thermiquement con\u00e7u pour une r\u00e9sistance et une flexibilit\u00e9 maximales ; La construction robuste r\u00e9siste aux applications de serrage les plus difficiles&nbsp;; \u00c9tanch\u00e9it\u00e9 maximale, m\u00eame dans les applications les plus exigeantes<\/p>\n","protected":false},"excerpt":{"rendered":"<p>Acier trait\u00e9 thermiquement con\u00e7u pour une r\u00e9sistance et une flexibilit\u00e9 maximales ; La construction robuste r\u00e9siste aux applications de serrage<\/p>\n","protected":false},"featured_media":492310,"template":"","meta":{"_seopress_robots_primary_cat":"","_seopress_titles_title":"","_seopress_titles_desc":"","_seopress_robots_index":""},"product_brand":[3407],"product_cat":[29,549,550],"product_tag":[3270],"class_list":{"0":"post-500838","1":"product","2":"type-product","3":"status-publish","4":"has-post-thumbnail","6":"product_brand-milwaukee","7":"product_cat-macchinari","8":"product_cat-trapani-e-avvitatori","9":"product_cat-accessori-per-trapani-ed-avvitatori","10":"product_tag-import-milwau","11":"sws-gruppo-macchinari-fr","12":"sws-conto-ricavi-merci-rivendita-macchinari-fr","13":"sws-gruppo-iva-iva81-fr","15":"first","16":"onbackorder","17":"sale","18":"shipping-taxable","19":"purchasable","20":"product-type-simple"},"_links":{"self":[{"href":"https:\/\/lucacastelli.com\/fr\/wp-json\/wp\/v2\/product\/500838","targetHints":{"allow":["GET"]}}],"collection":[{"href":"https:\/\/lucacastelli.com\/fr\/wp-json\/wp\/v2\/product"}],"about":[{"href":"https:\/\/lucacastelli.com\/fr\/wp-json\/wp\/v2\/types\/product"}],"wp:featuredmedia":[{"embeddable":true,"href":"https:\/\/lucacastelli.com\/fr\/wp-json\/wp\/v2\/media\/492310"}],"wp:attachment":[{"href":"https:\/\/lucacastelli.com\/fr\/wp-json\/wp\/v2\/media?parent=500838"}],"wp:term":[{"taxonomy":"product_brand","embeddable":true,"href":"https:\/\/lucacastelli.com\/fr\/wp-json\/wp\/v2\/product_brand?post=500838"},{"taxonomy":"product_cat","embeddable":true,"href":"https:\/\/lucacastelli.com\/fr\/wp-json\/wp\/v2\/product_cat?post=500838"},{"taxonomy":"product_tag","embeddable":true,"href":"https:\/\/lucacastelli.com\/fr\/wp-json\/wp\/v2\/product_tag?post=500838"}],"curies":[{"name":"wp","href":"https:\/\/api.w.org\/{rel}","templated":true}]}}