{"id":500782,"date":"2025-07-18T16:18:55","date_gmt":"2025-07-18T14:18:55","guid":{"rendered":"https:\/\/lucacastelli.com\/prodotto\/milwaukee-sds-plus-m2-m2-meches-a-2-cannelures-17\/"},"modified":"2025-07-18T16:18:55","modified_gmt":"2025-07-18T14:18:55","slug":"milwaukee-sds-plus-m2-m2-meches-a-2-cannelures-17","status":"publish","type":"product","link":"https:\/\/lucacastelli.com\/fr\/produit\/milwaukee-sds-plus-m2-m2-meches-a-2-cannelures-17\/","title":{"rendered":"MILWAUKEE SDS-Plus M2 M2 M\u00e8ches \u00e0 2 cannelures"},"content":{"rendered":"<p>Dents de d\u00e9molition : 3 dents de d\u00e9molition tr\u00e8s agressives. Ceux-ci produisent un effet de Zolldemolition qui produit des micro-fractures dans le mat\u00e9riau, ce qui rend le forage extr\u00eamement rapide. JUSQU\u2019\u00c0 25 % PLUS RAPIDE ; Le foret \u00e0 centrage assure des temps de per\u00e7age rapides et une pr\u00e9cision maximale. De plus, il emp\u00eache le glissement sur les surfaces lisses&nbsp;; Chanfreinage de l\u2019ar\u00eate de coupe. Emp\u00eache l\u2019endommagement et le blocage du foret en pr\u00e9sence de tige ou d\u2019autres mat\u00e9riaux durs. R\u00e9duit la friction lors du forage pour une vitesse accrue&nbsp;; Conception de rainure. L\u2019\u00e9paulement de la rainure se r\u00e9tr\u00e9cit \u00e0 mesure qu\u2019il s\u2019approche de l\u2019ar\u00eate de coupe, ce qui rend la perceuse extr\u00eamement rapide lors du per\u00e7age car elle r\u00e9duit le frottement avec le mat\u00e9riau. Cela permet une absorption d\u2019\u00e9nergie moindre et donc une plus grande autonomie de travail, par cons\u00e9quent un plus grand nombre de trous par charge. Cela les rend id\u00e9aux pour les marteaux sans fil ; Rainure renforc\u00e9e. Rainure profonde optimis\u00e9e pour une meilleure extraction de la poussi\u00e8re. La conception de la rainure renforc\u00e9e permet : un transfert d\u2019\u00e9nergie complet vers la pointe, moins de vibrations, une r\u00e9sistance \u00e0 la rupture exceptionnelle et une durabilit\u00e9 maximale ; Fabriqu\u00e9 en Allemagne          <\/p>\n","protected":false},"excerpt":{"rendered":"<p>Dents de d\u00e9molition : 3 dents de d\u00e9molition tr\u00e8s agressives. Ceux-ci produisent un effet de Zolldemolition qui produit des micro-fractures<\/p>\n","protected":false},"featured_media":492437,"template":"","meta":{"_seopress_robots_primary_cat":"","_seopress_titles_title":"","_seopress_titles_desc":"","_seopress_robots_index":""},"product_brand":[3407],"product_cat":[29,549,550],"product_tag":[3270],"class_list":{"0":"post-500782","1":"product","2":"type-product","3":"status-publish","4":"has-post-thumbnail","6":"product_brand-milwaukee","7":"product_cat-macchinari","8":"product_cat-trapani-e-avvitatori","9":"product_cat-accessori-per-trapani-ed-avvitatori","10":"product_tag-import-milwau","11":"sws-gruppo-macchinari-fr","12":"sws-conto-ricavi-merci-rivendita-macchinari-fr","13":"sws-gruppo-iva-iva81-fr","15":"first","16":"onbackorder","17":"sale","18":"shipping-taxable","19":"purchasable","20":"product-type-simple"},"_links":{"self":[{"href":"https:\/\/lucacastelli.com\/fr\/wp-json\/wp\/v2\/product\/500782","targetHints":{"allow":["GET"]}}],"collection":[{"href":"https:\/\/lucacastelli.com\/fr\/wp-json\/wp\/v2\/product"}],"about":[{"href":"https:\/\/lucacastelli.com\/fr\/wp-json\/wp\/v2\/types\/product"}],"wp:featuredmedia":[{"embeddable":true,"href":"https:\/\/lucacastelli.com\/fr\/wp-json\/wp\/v2\/media\/492437"}],"wp:attachment":[{"href":"https:\/\/lucacastelli.com\/fr\/wp-json\/wp\/v2\/media?parent=500782"}],"wp:term":[{"taxonomy":"product_brand","embeddable":true,"href":"https:\/\/lucacastelli.com\/fr\/wp-json\/wp\/v2\/product_brand?post=500782"},{"taxonomy":"product_cat","embeddable":true,"href":"https:\/\/lucacastelli.com\/fr\/wp-json\/wp\/v2\/product_cat?post=500782"},{"taxonomy":"product_tag","embeddable":true,"href":"https:\/\/lucacastelli.com\/fr\/wp-json\/wp\/v2\/product_tag?post=500782"}],"curies":[{"name":"wp","href":"https:\/\/api.w.org\/{rel}","templated":true}]}}