{"id":500765,"date":"2025-07-18T09:46:02","date_gmt":"2025-07-18T07:46:02","guid":{"rendered":"https:\/\/lucacastelli.com\/prodotto\/milwaukee-sds-max-4-mors-a-flute-15\/"},"modified":"2025-07-18T09:46:02","modified_gmt":"2025-07-18T07:46:02","slug":"milwaukee-sds-max-4-mors-a-flute-15","status":"publish","type":"product","link":"https:\/\/lucacastelli.com\/fr\/produit\/milwaukee-sds-max-4-mors-a-flute-15\/","title":{"rendered":"MILWAUKEE SDS-Max 4 Mors \u00e0 fl\u00fbte"},"content":{"rendered":"<p>Grand tranchant avec coins biseaut\u00e9s. Il garantit des vibrations r\u00e9duites et des performances de per\u00e7age optimales dans les applications en b\u00e9ton arm\u00e9. Dur\u00e9e de vie plus longue de la pointe dans le temps&nbsp;; G\u00e9om\u00e9trie de la t\u00eate 4 x 90\u00b0. Il permet des trous pr\u00e9cis et d\u2019excellentes performances de per\u00e7age, m\u00eame en pr\u00e9sence de renfort&nbsp;; Ar\u00eate de coupe primaire \u00e0 130\u00b0. L\u2019angle de coupe de 130\u00b0 permet des performances optimales lors des applications en pr\u00e9sence de renfort et une excellente pr\u00e9cision de trou ; Ar\u00eate de coupe secondaire. Robuste pour soutenir l\u2019ar\u00eate de coupe primaire pendant le per\u00e7age, pour un per\u00e7age plus rapide&nbsp;; Rainure courte pour une meilleure extraction de la poussi\u00e8re et une vitesse de per\u00e7age plus \u00e9lev\u00e9e, moins d\u2019usure et moins d\u2019accumulation de chaleur ; La rainure situ\u00e9e sur le c\u00f4t\u00e9 de l\u2019ar\u00eate de coupe primaire, vous permet de v\u00e9rifier l\u2019usure de la perceuse. Milwaukee garantit sa propre pointe jusqu\u2019\u00e0 75 m&nbsp;;Section de pointe renforc\u00e9e. Cela permet moins de vibrations, moins de casse et un meilleur transfert de la puissance de l\u2019outil \u00e0 la m\u00e8che ; \u00c9paulement \u00e0 rainures profondes. Cela permet une extraction plus importante et plus rapide de la poussi\u00e8re et moins d\u2019accumulation de chaleur sur la t\u00eate de la pointe et donc moins d\u2019usure ; Moins de vibrations. Per\u00e7age confortable avec moins de stress pour l\u2019utilisateur et l\u2019outil ; Traitement de surface sp\u00e9cial. Pour un glissement plus facile de la poudre sur la surface de la pointe et moins de frottement ; Marque PGM. Assure des trous pr\u00e9cis et exacts et une tenue maximale de la cheville<\/p>\n","protected":false},"excerpt":{"rendered":"<p>Grand tranchant avec coins biseaut\u00e9s. Il garantit des vibrations r\u00e9duites et des performances de per\u00e7age optimales dans les applications en<\/p>\n","protected":false},"featured_media":492855,"template":"","meta":{"_seopress_robots_primary_cat":"","_seopress_titles_title":"","_seopress_titles_desc":"","_seopress_robots_index":""},"product_brand":[3407],"product_cat":[29,549,550],"product_tag":[3270],"class_list":{"0":"post-500765","1":"product","2":"type-product","3":"status-publish","4":"has-post-thumbnail","6":"product_brand-milwaukee","7":"product_cat-macchinari","8":"product_cat-trapani-e-avvitatori","9":"product_cat-accessori-per-trapani-ed-avvitatori","10":"product_tag-import-milwau","11":"sws-gruppo-macchinari-fr","12":"sws-conto-ricavi-merci-rivendita-macchinari-fr","13":"sws-gruppo-iva-iva81-fr","15":"first","16":"onbackorder","17":"sale","18":"shipping-taxable","19":"purchasable","20":"product-type-simple"},"_links":{"self":[{"href":"https:\/\/lucacastelli.com\/fr\/wp-json\/wp\/v2\/product\/500765","targetHints":{"allow":["GET"]}}],"collection":[{"href":"https:\/\/lucacastelli.com\/fr\/wp-json\/wp\/v2\/product"}],"about":[{"href":"https:\/\/lucacastelli.com\/fr\/wp-json\/wp\/v2\/types\/product"}],"wp:featuredmedia":[{"embeddable":true,"href":"https:\/\/lucacastelli.com\/fr\/wp-json\/wp\/v2\/media\/492855"}],"wp:attachment":[{"href":"https:\/\/lucacastelli.com\/fr\/wp-json\/wp\/v2\/media?parent=500765"}],"wp:term":[{"taxonomy":"product_brand","embeddable":true,"href":"https:\/\/lucacastelli.com\/fr\/wp-json\/wp\/v2\/product_brand?post=500765"},{"taxonomy":"product_cat","embeddable":true,"href":"https:\/\/lucacastelli.com\/fr\/wp-json\/wp\/v2\/product_cat?post=500765"},{"taxonomy":"product_tag","embeddable":true,"href":"https:\/\/lucacastelli.com\/fr\/wp-json\/wp\/v2\/product_tag?post=500765"}],"curies":[{"name":"wp","href":"https:\/\/api.w.org\/{rel}","templated":true}]}}