{"id":500706,"date":"2025-07-18T09:45:38","date_gmt":"2025-07-18T07:45:38","guid":{"rendered":"https:\/\/lucacastelli.com\/prodotto\/milwaukee-sds-max-ciseau-a-brousse\/"},"modified":"2025-07-18T09:45:38","modified_gmt":"2025-07-18T07:45:38","slug":"milwaukee-sds-max-ciseau-a-brousse","status":"publish","type":"product","link":"https:\/\/lucacastelli.com\/fr\/produit\/milwaukee-sds-max-ciseau-a-brousse\/","title":{"rendered":"MILWAUKEE SDS-Max Ciseau \u00e0 brousse"},"content":{"rendered":"<p>Convient pour le traitement de surface&nbsp;: ruguosit\u00e9 ciment-b\u00e9ton-asphalte-pierre&nbsp;; 16 dents<\/p>\n","protected":false},"excerpt":{"rendered":"<p>Convient pour le traitement de surface&nbsp;: ruguosit\u00e9 ciment-b\u00e9ton-asphalte-pierre&nbsp;; 16 dents<\/p>\n","protected":false},"featured_media":492970,"template":"","meta":{"_seopress_robots_primary_cat":"","_seopress_titles_title":"","_seopress_titles_desc":"","_seopress_robots_index":""},"product_brand":[3658],"product_cat":[167,1552,1555],"product_tag":[3273],"class_list":{"0":"post-500706","1":"product","2":"type-product","3":"status-publish","4":"has-post-thumbnail","6":"product_brand-milwaukee-fr","7":"product_cat-machines","8":"product_cat-perceuses-et-tournevis","9":"product_cat-accessoires-pour-perceuses-et-tournevis","10":"product_tag-import-milwau-fr","11":"sws-gruppo-macchinari-fr","12":"sws-conto-ricavi-merci-rivendita-macchinari-fr","13":"sws-gruppo-iva-iva81-fr","15":"first","16":"onbackorder","17":"sale","18":"shipping-taxable","19":"purchasable","20":"product-type-simple"},"_links":{"self":[{"href":"https:\/\/lucacastelli.com\/fr\/wp-json\/wp\/v2\/product\/500706","targetHints":{"allow":["GET"]}}],"collection":[{"href":"https:\/\/lucacastelli.com\/fr\/wp-json\/wp\/v2\/product"}],"about":[{"href":"https:\/\/lucacastelli.com\/fr\/wp-json\/wp\/v2\/types\/product"}],"wp:featuredmedia":[{"embeddable":true,"href":"https:\/\/lucacastelli.com\/fr\/wp-json\/wp\/v2\/media\/492970"}],"wp:attachment":[{"href":"https:\/\/lucacastelli.com\/fr\/wp-json\/wp\/v2\/media?parent=500706"}],"wp:term":[{"taxonomy":"product_brand","embeddable":true,"href":"https:\/\/lucacastelli.com\/fr\/wp-json\/wp\/v2\/product_brand?post=500706"},{"taxonomy":"product_cat","embeddable":true,"href":"https:\/\/lucacastelli.com\/fr\/wp-json\/wp\/v2\/product_cat?post=500706"},{"taxonomy":"product_tag","embeddable":true,"href":"https:\/\/lucacastelli.com\/fr\/wp-json\/wp\/v2\/product_tag?post=500706"}],"curies":[{"name":"wp","href":"https:\/\/api.w.org\/{rel}","templated":true}]}}