{"id":500667,"date":"2025-07-18T09:45:03","date_gmt":"2025-07-18T07:45:03","guid":{"rendered":"https:\/\/lucacastelli.com\/prodotto\/milwaukee-ciseau-a-spatule-sds-plus\/"},"modified":"2025-07-18T09:45:03","modified_gmt":"2025-07-18T07:45:03","slug":"milwaukee-ciseau-a-spatule-sds-plus","status":"publish","type":"product","link":"https:\/\/lucacastelli.com\/fr\/produit\/milwaukee-ciseau-a-spatule-sds-plus\/","title":{"rendered":"MILWAUKEE Ciseau \u00e0 spatule SDS-Plus"},"content":{"rendered":"<p>La t\u00eate du ciseau est inclin\u00e9e pour \u00e9viter d\u2019endommager les parois pendant l\u2019utilisation<\/p>\n","protected":false},"excerpt":{"rendered":"<p>La t\u00eate du ciseau est inclin\u00e9e pour \u00e9viter d\u2019endommager les parois pendant l\u2019utilisation<\/p>\n","protected":false},"featured_media":499263,"template":"","meta":{"_seopress_robots_primary_cat":"","_seopress_titles_title":"","_seopress_titles_desc":"","_seopress_robots_index":""},"product_brand":[3407],"product_cat":[29,549,550],"product_tag":[3270],"class_list":{"0":"post-500667","1":"product","2":"type-product","3":"status-publish","4":"has-post-thumbnail","6":"product_brand-milwaukee","7":"product_cat-macchinari","8":"product_cat-trapani-e-avvitatori","9":"product_cat-accessori-per-trapani-ed-avvitatori","10":"product_tag-import-milwau","11":"sws-gruppo-macchinari-fr","12":"sws-conto-ricavi-merci-rivendita-macchinari-fr","13":"sws-gruppo-iva-iva81-fr","15":"first","16":"onbackorder","17":"sale","18":"shipping-taxable","19":"purchasable","20":"product-type-simple"},"_links":{"self":[{"href":"https:\/\/lucacastelli.com\/fr\/wp-json\/wp\/v2\/product\/500667","targetHints":{"allow":["GET"]}}],"collection":[{"href":"https:\/\/lucacastelli.com\/fr\/wp-json\/wp\/v2\/product"}],"about":[{"href":"https:\/\/lucacastelli.com\/fr\/wp-json\/wp\/v2\/types\/product"}],"wp:featuredmedia":[{"embeddable":true,"href":"https:\/\/lucacastelli.com\/fr\/wp-json\/wp\/v2\/media\/499263"}],"wp:attachment":[{"href":"https:\/\/lucacastelli.com\/fr\/wp-json\/wp\/v2\/media?parent=500667"}],"wp:term":[{"taxonomy":"product_brand","embeddable":true,"href":"https:\/\/lucacastelli.com\/fr\/wp-json\/wp\/v2\/product_brand?post=500667"},{"taxonomy":"product_cat","embeddable":true,"href":"https:\/\/lucacastelli.com\/fr\/wp-json\/wp\/v2\/product_cat?post=500667"},{"taxonomy":"product_tag","embeddable":true,"href":"https:\/\/lucacastelli.com\/fr\/wp-json\/wp\/v2\/product_tag?post=500667"}],"curies":[{"name":"wp","href":"https:\/\/api.w.org\/{rel}","templated":true}]}}