{"id":500291,"date":"2025-07-18T17:16:40","date_gmt":"2025-07-18T15:16:40","guid":{"rendered":"https:\/\/lucacastelli.com\/prodotto\/milwaukee-applications-speciales-plans-de-travail-de-cuisine-et-stratifie\/"},"modified":"2025-07-18T17:16:40","modified_gmt":"2025-07-18T15:16:40","slug":"milwaukee-applications-speciales-plans-de-travail-de-cuisine-et-stratifie","status":"publish","type":"product","link":"https:\/\/lucacastelli.com\/fr\/produit\/milwaukee-applications-speciales-plans-de-travail-de-cuisine-et-stratifie\/","title":{"rendered":"MILWAUKEE Applications sp\u00e9ciales : Plans de travail de cuisine et stratifi\u00e9"},"content":{"rendered":"<p>Ces lames ont une conception de dent invers\u00e9e, ce qui signifie que la lame coupe vers le bas, ce qui les rend extr\u00eamement adapt\u00e9es \u00e0 la coupe nette dans les panneaux de particules, le stratifi\u00e9 et surtout les comptoirs de cuisine ; Pour de meilleurs r\u00e9sultats sans utiliser l\u2019action pendulaire<\/p>\n","protected":false},"excerpt":{"rendered":"<p>Ces lames ont une conception de dent invers\u00e9e, ce qui signifie que la lame coupe vers le bas, ce qui<\/p>\n","protected":false},"featured_media":491407,"template":"","meta":{"_seopress_robots_primary_cat":"","_seopress_titles_title":"","_seopress_titles_desc":"","_seopress_robots_index":""},"product_brand":[3658],"product_cat":[1453,167,1534],"product_tag":[3273],"class_list":{"0":"post-500291","1":"product","2":"type-product","3":"status-publish","4":"has-post-thumbnail","6":"product_brand-milwaukee-fr","7":"product_cat-autres-appareils","8":"product_cat-machines","9":"product_cat-scies","10":"product_tag-import-milwau-fr","11":"sws-gruppo-macchinari-fr","12":"sws-conto-ricavi-merci-rivendita-macchinari-fr","13":"sws-gruppo-iva-iva81-fr","15":"first","16":"onbackorder","17":"sale","18":"shipping-taxable","19":"purchasable","20":"product-type-simple"},"_links":{"self":[{"href":"https:\/\/lucacastelli.com\/fr\/wp-json\/wp\/v2\/product\/500291","targetHints":{"allow":["GET"]}}],"collection":[{"href":"https:\/\/lucacastelli.com\/fr\/wp-json\/wp\/v2\/product"}],"about":[{"href":"https:\/\/lucacastelli.com\/fr\/wp-json\/wp\/v2\/types\/product"}],"wp:featuredmedia":[{"embeddable":true,"href":"https:\/\/lucacastelli.com\/fr\/wp-json\/wp\/v2\/media\/491407"}],"wp:attachment":[{"href":"https:\/\/lucacastelli.com\/fr\/wp-json\/wp\/v2\/media?parent=500291"}],"wp:term":[{"taxonomy":"product_brand","embeddable":true,"href":"https:\/\/lucacastelli.com\/fr\/wp-json\/wp\/v2\/product_brand?post=500291"},{"taxonomy":"product_cat","embeddable":true,"href":"https:\/\/lucacastelli.com\/fr\/wp-json\/wp\/v2\/product_cat?post=500291"},{"taxonomy":"product_tag","embeddable":true,"href":"https:\/\/lucacastelli.com\/fr\/wp-json\/wp\/v2\/product_tag?post=500291"}],"curies":[{"name":"wp","href":"https:\/\/api.w.org\/{rel}","templated":true}]}}