{"id":500261,"date":"2025-07-18T16:22:40","date_gmt":"2025-07-18T14:22:40","guid":{"rendered":"https:\/\/lucacastelli.com\/prodotto\/milwaukee-forets-a-metaux-rectifies-courts-hss-g-din-1897-pack-5-et-10-pieces-12\/"},"modified":"2025-07-18T16:22:40","modified_gmt":"2025-07-18T14:22:40","slug":"milwaukee-forets-a-metaux-rectifies-courts-hss-g-din-1897-pack-5-et-10-pieces-12","status":"publish","type":"product","link":"https:\/\/lucacastelli.com\/fr\/produit\/milwaukee-forets-a-metaux-rectifies-courts-hss-g-din-1897-pack-5-et-10-pieces-12\/","title":{"rendered":"MILWAUKEE Forets \u00e0 m\u00e9taux rectifi\u00e9s courts HSS-G &#8211; DIN 1897 &#8211; Pack 5 et 10 pi\u00e8ces"},"content":{"rendered":"<p>Foreuses au sol HSS fabriqu\u00e9es selon la norme DIN 1897 ; G\u00e9om\u00e9trie de l\u2019ar\u00eate de coupe :Aff\u00fbtage fendu (auto-centrage) DIN 1412 C ; Bords tranchants et tranchants pour une pr\u00e9cision de trou maximale ; Ar\u00eates de coupe avec angle de coupe de 135\u00b0 ; Application&nbsp;: Convient aux trous profonds. Peut \u00e9galement \u00eatre utilis\u00e9 sur des mat\u00e9riaux tels que le bois et le plastique ; Convient pour le per\u00e7age dans l\u2019acier, la fonte, les mat\u00e9riaux alli\u00e9s et non alli\u00e9s, l\u2019acier inoxydable et avec une r\u00e9sistance \u00e0 la traction jusqu\u2019\u00e0 900 N\/mm26 <\/p>\n","protected":false},"excerpt":{"rendered":"<p>Foreuses au sol HSS fabriqu\u00e9es selon la norme DIN 1897 ; G\u00e9om\u00e9trie de l\u2019ar\u00eate de coupe :Aff\u00fbtage fendu (auto-centrage) DIN<\/p>\n","protected":false},"featured_media":491736,"template":"","meta":{"_seopress_robots_primary_cat":"","_seopress_titles_title":"","_seopress_titles_desc":"","_seopress_robots_index":""},"product_brand":[3407],"product_cat":[29,549,550],"product_tag":[3270],"class_list":{"0":"post-500261","1":"product","2":"type-product","3":"status-publish","4":"has-post-thumbnail","6":"product_brand-milwaukee","7":"product_cat-macchinari","8":"product_cat-trapani-e-avvitatori","9":"product_cat-accessori-per-trapani-ed-avvitatori","10":"product_tag-import-milwau","11":"sws-gruppo-macchinari-fr","12":"sws-conto-ricavi-merci-rivendita-macchinari-fr","13":"sws-gruppo-iva-iva81-fr","15":"first","16":"onbackorder","17":"sale","18":"shipping-taxable","19":"purchasable","20":"product-type-simple"},"_links":{"self":[{"href":"https:\/\/lucacastelli.com\/fr\/wp-json\/wp\/v2\/product\/500261","targetHints":{"allow":["GET"]}}],"collection":[{"href":"https:\/\/lucacastelli.com\/fr\/wp-json\/wp\/v2\/product"}],"about":[{"href":"https:\/\/lucacastelli.com\/fr\/wp-json\/wp\/v2\/types\/product"}],"wp:featuredmedia":[{"embeddable":true,"href":"https:\/\/lucacastelli.com\/fr\/wp-json\/wp\/v2\/media\/491736"}],"wp:attachment":[{"href":"https:\/\/lucacastelli.com\/fr\/wp-json\/wp\/v2\/media?parent=500261"}],"wp:term":[{"taxonomy":"product_brand","embeddable":true,"href":"https:\/\/lucacastelli.com\/fr\/wp-json\/wp\/v2\/product_brand?post=500261"},{"taxonomy":"product_cat","embeddable":true,"href":"https:\/\/lucacastelli.com\/fr\/wp-json\/wp\/v2\/product_cat?post=500261"},{"taxonomy":"product_tag","embeddable":true,"href":"https:\/\/lucacastelli.com\/fr\/wp-json\/wp\/v2\/product_tag?post=500261"}],"curies":[{"name":"wp","href":"https:\/\/api.w.org\/{rel}","templated":true}]}}