{"id":500157,"date":"2025-07-18T16:21:44","date_gmt":"2025-07-18T14:21:44","guid":{"rendered":"https:\/\/lucacastelli.com\/prodotto\/milwaukee-sds-plus-mx4-meches-a-4-cannelures-13\/"},"modified":"2025-07-18T16:21:44","modified_gmt":"2025-07-18T14:21:44","slug":"milwaukee-sds-plus-mx4-meches-a-4-cannelures-13","status":"publish","type":"product","link":"https:\/\/lucacastelli.com\/fr\/produit\/milwaukee-sds-plus-mx4-meches-a-4-cannelures-13\/","title":{"rendered":"MILWAUKEE SDS-Plus MX4 M\u00e8ches \u00e0 4 cannelures"},"content":{"rendered":"<p>Bloc unique avec 4 ar\u00eates de coupe en carbure (4&#215;90\u00b0). Pour des trous parfaitement ronds et un ancrage optimal ; G\u00e9om\u00e9trie \u00e0 4 cannelures, assure une extraction maximale de la poussi\u00e8re et des d\u00e9bris&nbsp;; Foret de centrage pour un centrage facile et une pr\u00e9cision de trou maximale ; Une plus grande quantit\u00e9 de carbure entra\u00eene une dur\u00e9e de vie plus longue&nbsp;; 4 dents de d\u00e9molition produisent des micro-fractures dans le b\u00e9ton qui augmentent la vitesse. Ils pulv\u00e9risent le mat\u00e9riau plus efficacement. 20 % plus rapide que les concurrents ; Chanfreinage lat\u00e9ral de l\u2019ar\u00eate de coupe pour une plus grande r\u00e9sistance dans le b\u00e9ton arm\u00e9. Ces embouts ont une dur\u00e9e de vie 4 fois plus longue que les embouts \u00e0 2 tranchants ; Nouveau design d\u2019\u00e9paulement qui se r\u00e9tr\u00e9cit \u00e0 mesure que vous vous rapprochez du bord de coupe pour une meilleure extraction de la poussi\u00e8re, une meilleure vitesse et une friction minimis\u00e9e. Jusqu\u2019\u00e0 20 % de trous en plus par charge par rapport aux concurrents ; Fabriqu\u00e9 en Allemagne     <\/p>\n","protected":false},"excerpt":{"rendered":"<p>Bloc unique avec 4 ar\u00eates de coupe en carbure (4&#215;90\u00b0). Pour des trous parfaitement ronds et un ancrage optimal ;<\/p>\n","protected":false},"featured_media":491422,"template":"","meta":{"_seopress_robots_primary_cat":"","_seopress_titles_title":"","_seopress_titles_desc":"","_seopress_robots_index":""},"product_brand":[3407],"product_cat":[29,549,550],"product_tag":[3270],"class_list":{"0":"post-500157","1":"product","2":"type-product","3":"status-publish","4":"has-post-thumbnail","6":"product_brand-milwaukee","7":"product_cat-macchinari","8":"product_cat-trapani-e-avvitatori","9":"product_cat-accessori-per-trapani-ed-avvitatori","10":"product_tag-import-milwau","11":"sws-gruppo-macchinari-fr","12":"sws-conto-ricavi-merci-rivendita-macchinari-fr","13":"sws-gruppo-iva-iva81-fr","15":"first","16":"onbackorder","17":"sale","18":"shipping-taxable","19":"purchasable","20":"product-type-simple"},"_links":{"self":[{"href":"https:\/\/lucacastelli.com\/fr\/wp-json\/wp\/v2\/product\/500157","targetHints":{"allow":["GET"]}}],"collection":[{"href":"https:\/\/lucacastelli.com\/fr\/wp-json\/wp\/v2\/product"}],"about":[{"href":"https:\/\/lucacastelli.com\/fr\/wp-json\/wp\/v2\/types\/product"}],"wp:featuredmedia":[{"embeddable":true,"href":"https:\/\/lucacastelli.com\/fr\/wp-json\/wp\/v2\/media\/491422"}],"wp:attachment":[{"href":"https:\/\/lucacastelli.com\/fr\/wp-json\/wp\/v2\/media?parent=500157"}],"wp:term":[{"taxonomy":"product_brand","embeddable":true,"href":"https:\/\/lucacastelli.com\/fr\/wp-json\/wp\/v2\/product_brand?post=500157"},{"taxonomy":"product_cat","embeddable":true,"href":"https:\/\/lucacastelli.com\/fr\/wp-json\/wp\/v2\/product_cat?post=500157"},{"taxonomy":"product_tag","embeddable":true,"href":"https:\/\/lucacastelli.com\/fr\/wp-json\/wp\/v2\/product_tag?post=500157"}],"curies":[{"name":"wp","href":"https:\/\/api.w.org\/{rel}","templated":true}]}}