{"id":500119,"date":"2025-07-19T10:50:41","date_gmt":"2025-07-19T08:50:41","guid":{"rendered":"https:\/\/lucacastelli.com\/prodotto\/milwaukee-diamond-scie-cloche-accessoires\/"},"modified":"2025-07-19T10:50:41","modified_gmt":"2025-07-19T08:50:41","slug":"milwaukee-diamond-scie-cloche-accessoires","status":"publish","type":"product","link":"https:\/\/lucacastelli.com\/fr\/produit\/milwaukee-diamond-scie-cloche-accessoires\/","title":{"rendered":"MILWAUKEE Diamond Scie-cloche Accessoires"},"content":{"rendered":"<p>Adaptateur de filetage M14 pour meuleuses d\u2019angle ; Filetage du bo\u00eetier 1\/2 x 20&nbsp;; \u00c0 utiliser avec les couronnes diamant\u00e9es DIAMANT MAX de 22 mm \u00e0 29 mm de diam\u00e8tre dans les meuleuses d\u2019angle<\/p>\n","protected":false},"excerpt":{"rendered":"<p>Adaptateur de filetage M14 pour meuleuses d\u2019angle ; Filetage du bo\u00eetier 1\/2 x 20&nbsp;; \u00c0 utiliser avec les couronnes diamant\u00e9es<\/p>\n","protected":false},"featured_media":496586,"template":"","meta":{"_seopress_robots_primary_cat":"","_seopress_titles_title":"","_seopress_titles_desc":"","_seopress_robots_index":""},"product_brand":[3407],"product_cat":[29,514,549,550],"product_tag":[3270],"class_list":{"0":"post-500119","1":"product","2":"type-product","3":"status-publish","4":"has-post-thumbnail","6":"product_brand-milwaukee","7":"product_cat-macchinari","8":"product_cat-altri-dispositivi","9":"product_cat-trapani-e-avvitatori","10":"product_cat-accessori-per-trapani-ed-avvitatori","11":"product_tag-import-milwau","12":"sws-gruppo-macchinari-fr","13":"sws-conto-ricavi-merci-rivendita-macchinari-fr","14":"sws-gruppo-iva-iva81-fr","16":"first","17":"onbackorder","18":"sale","19":"shipping-taxable","20":"purchasable","21":"product-type-simple"},"_links":{"self":[{"href":"https:\/\/lucacastelli.com\/fr\/wp-json\/wp\/v2\/product\/500119","targetHints":{"allow":["GET"]}}],"collection":[{"href":"https:\/\/lucacastelli.com\/fr\/wp-json\/wp\/v2\/product"}],"about":[{"href":"https:\/\/lucacastelli.com\/fr\/wp-json\/wp\/v2\/types\/product"}],"wp:featuredmedia":[{"embeddable":true,"href":"https:\/\/lucacastelli.com\/fr\/wp-json\/wp\/v2\/media\/496586"}],"wp:attachment":[{"href":"https:\/\/lucacastelli.com\/fr\/wp-json\/wp\/v2\/media?parent=500119"}],"wp:term":[{"taxonomy":"product_brand","embeddable":true,"href":"https:\/\/lucacastelli.com\/fr\/wp-json\/wp\/v2\/product_brand?post=500119"},{"taxonomy":"product_cat","embeddable":true,"href":"https:\/\/lucacastelli.com\/fr\/wp-json\/wp\/v2\/product_cat?post=500119"},{"taxonomy":"product_tag","embeddable":true,"href":"https:\/\/lucacastelli.com\/fr\/wp-json\/wp\/v2\/product_tag?post=500119"}],"curies":[{"name":"wp","href":"https:\/\/api.w.org\/{rel}","templated":true}]}}