{"id":500111,"date":"2025-07-19T10:50:37","date_gmt":"2025-07-19T08:50:37","guid":{"rendered":"https:\/\/lucacastelli.com\/prodotto\/milwaukee-accessoires-de-nettoyage-speciaux-pour-m12bps\/"},"modified":"2025-07-19T10:50:37","modified_gmt":"2025-07-19T08:50:37","slug":"milwaukee-accessoires-de-nettoyage-speciaux-pour-m12bps","status":"publish","type":"product","link":"https:\/\/lucacastelli.com\/fr\/produit\/milwaukee-accessoires-de-nettoyage-speciaux-pour-m12bps\/","title":{"rendered":"MILWAUKEE Accessoires de nettoyage sp\u00e9ciaux pour M12BPS"},"content":{"rendered":"<p>\u00c9ponge de polissage diam\u00e8tre 80 mm dure (jaune) pour une utilisation avec un polissage abrasif, des adh\u00e9sifs velcro ; La plaque abrasive et la plaque de polissage 4932430488, adapt\u00e9e \u00e0 la mini polisseuse sans fil M12, doivent \u00eatre pr\u00e9sentes pour l\u2019utilisation<\/p>\n","protected":false},"excerpt":{"rendered":"<p>\u00c9ponge de polissage diam\u00e8tre 80 mm dure (jaune) pour une utilisation avec un polissage abrasif, des adh\u00e9sifs velcro ; La<\/p>\n","protected":false},"featured_media":496729,"template":"","meta":{"_seopress_robots_primary_cat":"","_seopress_titles_title":"","_seopress_titles_desc":"","_seopress_robots_index":""},"product_brand":[3407],"product_cat":[29,514,549,550],"product_tag":[3270],"class_list":{"0":"post-500111","1":"product","2":"type-product","3":"status-publish","4":"has-post-thumbnail","6":"product_brand-milwaukee","7":"product_cat-macchinari","8":"product_cat-altri-dispositivi","9":"product_cat-trapani-e-avvitatori","10":"product_cat-accessori-per-trapani-ed-avvitatori","11":"product_tag-import-milwau","12":"sws-gruppo-macchinari-fr","13":"sws-conto-ricavi-merci-rivendita-macchinari-fr","14":"sws-gruppo-iva-iva81-fr","16":"first","17":"onbackorder","18":"sale","19":"shipping-taxable","20":"purchasable","21":"product-type-simple"},"_links":{"self":[{"href":"https:\/\/lucacastelli.com\/fr\/wp-json\/wp\/v2\/product\/500111","targetHints":{"allow":["GET"]}}],"collection":[{"href":"https:\/\/lucacastelli.com\/fr\/wp-json\/wp\/v2\/product"}],"about":[{"href":"https:\/\/lucacastelli.com\/fr\/wp-json\/wp\/v2\/types\/product"}],"wp:featuredmedia":[{"embeddable":true,"href":"https:\/\/lucacastelli.com\/fr\/wp-json\/wp\/v2\/media\/496729"}],"wp:attachment":[{"href":"https:\/\/lucacastelli.com\/fr\/wp-json\/wp\/v2\/media?parent=500111"}],"wp:term":[{"taxonomy":"product_brand","embeddable":true,"href":"https:\/\/lucacastelli.com\/fr\/wp-json\/wp\/v2\/product_brand?post=500111"},{"taxonomy":"product_cat","embeddable":true,"href":"https:\/\/lucacastelli.com\/fr\/wp-json\/wp\/v2\/product_cat?post=500111"},{"taxonomy":"product_tag","embeddable":true,"href":"https:\/\/lucacastelli.com\/fr\/wp-json\/wp\/v2\/product_tag?post=500111"}],"curies":[{"name":"wp","href":"https:\/\/api.w.org\/{rel}","templated":true}]}}