{"id":500086,"date":"2025-07-18T18:39:44","date_gmt":"2025-07-18T16:39:44","guid":{"rendered":"https:\/\/lucacastelli.com\/prodotto\/milwaukee-rj18-u40\/"},"modified":"2025-07-18T18:39:44","modified_gmt":"2025-07-18T16:39:44","slug":"milwaukee-rj18-u40","status":"publish","type":"product","link":"https:\/\/lucacastelli.com\/fr\/produit\/milwaukee-rj18-u40\/","title":{"rendered":"MILWAUKEE RJ18-U40"},"content":{"rendered":"<p>Les m\u00e2choires de sertissage M18\u2122 FORCE LOGIC\u2122 sont con\u00e7ues pour r\u00e9pondre aux normes les plus \u00e9lev\u00e9es de qualit\u00e9 et de durabilit\u00e9. Avec la possibilit\u00e9 de les ouvrir facilement avec le pouce, ces m\u00e2choires sont la solution de pressage la plus confortable et la plus pratique <\/p>\n","protected":false},"excerpt":{"rendered":"<p>Les m\u00e2choires de sertissage M18\u2122 FORCE LOGIC\u2122 sont con\u00e7ues pour r\u00e9pondre aux normes les plus \u00e9lev\u00e9es de qualit\u00e9 et de<\/p>\n","protected":false},"featured_media":496289,"template":"","meta":{"_seopress_robots_primary_cat":"","_seopress_titles_title":"","_seopress_titles_desc":"","_seopress_robots_index":""},"product_brand":[3407],"product_cat":[29,514,558],"product_tag":[3270],"class_list":{"0":"post-500086","1":"product","2":"type-product","3":"status-publish","4":"has-post-thumbnail","6":"product_brand-milwaukee","7":"product_cat-macchinari","8":"product_cat-altri-dispositivi","9":"product_cat-seghe-accessori-vari","10":"product_tag-import-milwau","11":"sws-gruppo-macchinari-fr","12":"sws-conto-ricavi-merci-rivendita-macchinari-fr","13":"sws-gruppo-iva-iva81-fr","15":"first","16":"onbackorder","17":"sale","18":"shipping-taxable","19":"purchasable","20":"product-type-simple"},"_links":{"self":[{"href":"https:\/\/lucacastelli.com\/fr\/wp-json\/wp\/v2\/product\/500086","targetHints":{"allow":["GET"]}}],"collection":[{"href":"https:\/\/lucacastelli.com\/fr\/wp-json\/wp\/v2\/product"}],"about":[{"href":"https:\/\/lucacastelli.com\/fr\/wp-json\/wp\/v2\/types\/product"}],"wp:featuredmedia":[{"embeddable":true,"href":"https:\/\/lucacastelli.com\/fr\/wp-json\/wp\/v2\/media\/496289"}],"wp:attachment":[{"href":"https:\/\/lucacastelli.com\/fr\/wp-json\/wp\/v2\/media?parent=500086"}],"wp:term":[{"taxonomy":"product_brand","embeddable":true,"href":"https:\/\/lucacastelli.com\/fr\/wp-json\/wp\/v2\/product_brand?post=500086"},{"taxonomy":"product_cat","embeddable":true,"href":"https:\/\/lucacastelli.com\/fr\/wp-json\/wp\/v2\/product_cat?post=500086"},{"taxonomy":"product_tag","embeddable":true,"href":"https:\/\/lucacastelli.com\/fr\/wp-json\/wp\/v2\/product_tag?post=500086"}],"curies":[{"name":"wp","href":"https:\/\/api.w.org\/{rel}","templated":true}]}}