{"id":500029,"date":"2025-07-19T11:01:23","date_gmt":"2025-07-19T09:01:23","guid":{"rendered":"https:\/\/lucacastelli.com\/prodotto\/milwaukee-scs-41-115-2\/"},"modified":"2025-07-19T11:01:23","modified_gmt":"2025-07-19T09:01:23","slug":"milwaukee-scs-41-115-2","status":"publish","type":"product","link":"https:\/\/lucacastelli.com\/fr\/produit\/milwaukee-scs-41-115-2\/","title":{"rendered":"MILWAUKEE SCS 41 \/ 115"},"content":{"rendered":"<p>Applications&nbsp;: Convient \u00e0 tous les aciers. Recommand\u00e9 pour la coupe de l\u2019acier inoxydable, de l\u2019acier dur, de la fonte, de l\u2019acier r\u00e9sistant \u00e0 la chaleur, de l\u2019acier doux ; Caract\u00e9ristiques : + 50 % de dur\u00e9e de vie en plus, 50 % de temps de coupe en moins, 50 % de poussi\u00e8re en moins <\/p>\n","protected":false},"excerpt":{"rendered":"<p>Applications&nbsp;: Convient \u00e0 tous les aciers. Recommand\u00e9 pour la coupe de l\u2019acier inoxydable, de l\u2019acier dur, de la fonte, de<\/p>\n","protected":false},"featured_media":497687,"template":"","meta":{"_seopress_robots_primary_cat":"","_seopress_titles_title":"","_seopress_titles_desc":"","_seopress_robots_index":""},"product_brand":[3658],"product_cat":[1453,167,1540],"product_tag":[3273],"class_list":{"0":"post-500029","1":"product","2":"type-product","3":"status-publish","4":"has-post-thumbnail","6":"product_brand-milwaukee-fr","7":"product_cat-autres-appareils","8":"product_cat-machines","9":"product_cat-meuleuses","10":"product_tag-import-milwau-fr","11":"sws-gruppo-macchinari-fr","12":"sws-conto-ricavi-merci-rivendita-macchinari-fr","13":"sws-gruppo-iva-iva81-fr","15":"first","16":"onbackorder","17":"shipping-taxable","18":"purchasable","19":"product-type-simple"},"_links":{"self":[{"href":"https:\/\/lucacastelli.com\/fr\/wp-json\/wp\/v2\/product\/500029","targetHints":{"allow":["GET"]}}],"collection":[{"href":"https:\/\/lucacastelli.com\/fr\/wp-json\/wp\/v2\/product"}],"about":[{"href":"https:\/\/lucacastelli.com\/fr\/wp-json\/wp\/v2\/types\/product"}],"wp:featuredmedia":[{"embeddable":true,"href":"https:\/\/lucacastelli.com\/fr\/wp-json\/wp\/v2\/media\/497687"}],"wp:attachment":[{"href":"https:\/\/lucacastelli.com\/fr\/wp-json\/wp\/v2\/media?parent=500029"}],"wp:term":[{"taxonomy":"product_brand","embeddable":true,"href":"https:\/\/lucacastelli.com\/fr\/wp-json\/wp\/v2\/product_brand?post=500029"},{"taxonomy":"product_cat","embeddable":true,"href":"https:\/\/lucacastelli.com\/fr\/wp-json\/wp\/v2\/product_cat?post=500029"},{"taxonomy":"product_tag","embeddable":true,"href":"https:\/\/lucacastelli.com\/fr\/wp-json\/wp\/v2\/product_tag?post=500029"}],"curies":[{"name":"wp","href":"https:\/\/api.w.org\/{rel}","templated":true}]}}