{"id":499968,"date":"2025-07-19T10:53:41","date_gmt":"2025-07-19T08:53:41","guid":{"rendered":"https:\/\/lucacastelli.com\/prodotto\/rotor-milwaukee-fixtec-clean-line-clr\/"},"modified":"2025-07-19T10:53:41","modified_gmt":"2025-07-19T08:53:41","slug":"rotor-milwaukee-fixtec-clean-line-clr","status":"publish","type":"product","link":"https:\/\/lucacastelli.com\/fr\/produit\/rotor-milwaukee-fixtec-clean-line-clr\/","title":{"rendered":"Rotor MILWAUKEE FIXTEC Clean-Line (CLR)."},"content":{"rendered":"<p>Syst\u00e8me d\u2019extraction de couronne de diamant FIXTEC&nbsp;; Le syst\u00e8me FIXTEC Milwaukee vous permet de changer les noyaux diamant\u00e9s en quelques secondes sans utiliser d\u2019outils suppl\u00e9mentaires&nbsp;; La plainte la plus courante concernant les syst\u00e8mes existants est celle d\u2019avoir des difficult\u00e9s lorsque vous d\u00e9cidez de changer le plateau, une op\u00e9ration qui devient difficile m\u00eame \u00e0 l\u2019aide de cl\u00e9s&nbsp;; Cependant, avec la nouvelle solution d\u2019aspiration FIXTEC de Milwaukee, c\u2019est un probl\u00e8me du pass\u00e9, les couronnes peuvent \u00eatre d\u00e9viss\u00e9es, retir\u00e9es et \u00e9chang\u00e9es simplement \u00e0 la main &#8211; vous n\u2019avez pas besoin d\u2019utiliser de cl\u00e9s ou d\u2019autres outils ; Les adaptateurs FIXTEC sont disponibles avec ou sans extraction de poussi\u00e8re et avec diff\u00e9rentes connexions afin d\u2019\u00eatre compatibles avec la concurrence&nbsp;; Le rotor FIXTEC Clean-Line convient aux tr\u00e9pans diamant\u00e9s avec un entra\u00eenement UNC de 1 1\/4&#8221;. L\u2019avantage suppl\u00e9mentaire est qu\u2019en absorbant instantan\u00e9ment l\u2019exc\u00e8s de poudre, on augmente la vitesse de forage et on augmente la dur\u00e9e de vie utile de la couronne de carottage diamant\u00e9e. <\/p>\n","protected":false},"excerpt":{"rendered":"<p>Syst\u00e8me d\u2019extraction de couronne de diamant FIXTEC&nbsp;; Le syst\u00e8me FIXTEC Milwaukee vous permet de changer les noyaux diamant\u00e9s en quelques<\/p>\n","protected":false},"featured_media":491698,"template":"","meta":{"_seopress_robots_primary_cat":"","_seopress_titles_title":"","_seopress_titles_desc":"","_seopress_robots_index":""},"product_brand":[3407],"product_cat":[29,514,549,550],"product_tag":[3270],"class_list":{"0":"post-499968","1":"product","2":"type-product","3":"status-publish","4":"has-post-thumbnail","6":"product_brand-milwaukee","7":"product_cat-macchinari","8":"product_cat-altri-dispositivi","9":"product_cat-trapani-e-avvitatori","10":"product_cat-accessori-per-trapani-ed-avvitatori","11":"product_tag-import-milwau","12":"sws-gruppo-macchinari-fr","13":"sws-conto-ricavi-merci-rivendita-macchinari-fr","14":"sws-gruppo-iva-iva81-fr","16":"first","17":"onbackorder","18":"sale","19":"shipping-taxable","20":"purchasable","21":"product-type-simple"},"_links":{"self":[{"href":"https:\/\/lucacastelli.com\/fr\/wp-json\/wp\/v2\/product\/499968","targetHints":{"allow":["GET"]}}],"collection":[{"href":"https:\/\/lucacastelli.com\/fr\/wp-json\/wp\/v2\/product"}],"about":[{"href":"https:\/\/lucacastelli.com\/fr\/wp-json\/wp\/v2\/types\/product"}],"wp:featuredmedia":[{"embeddable":true,"href":"https:\/\/lucacastelli.com\/fr\/wp-json\/wp\/v2\/media\/491698"}],"wp:attachment":[{"href":"https:\/\/lucacastelli.com\/fr\/wp-json\/wp\/v2\/media?parent=499968"}],"wp:term":[{"taxonomy":"product_brand","embeddable":true,"href":"https:\/\/lucacastelli.com\/fr\/wp-json\/wp\/v2\/product_brand?post=499968"},{"taxonomy":"product_cat","embeddable":true,"href":"https:\/\/lucacastelli.com\/fr\/wp-json\/wp\/v2\/product_cat?post=499968"},{"taxonomy":"product_tag","embeddable":true,"href":"https:\/\/lucacastelli.com\/fr\/wp-json\/wp\/v2\/product_tag?post=499968"}],"curies":[{"name":"wp","href":"https:\/\/api.w.org\/{rel}","templated":true}]}}