{"id":499954,"date":"2025-07-19T10:53:36","date_gmt":"2025-07-19T08:53:36","guid":{"rendered":"https:\/\/lucacastelli.com\/prodotto\/milwaukee-dch-150-62\/"},"modified":"2025-07-19T10:53:36","modified_gmt":"2025-07-19T08:53:36","slug":"milwaukee-dch-150-62","status":"publish","type":"product","link":"https:\/\/lucacastelli.com\/fr\/produit\/milwaukee-dch-150-62\/","title":{"rendered":"MILWAUKEE DCH 150-62"},"content":{"rendered":"<p>Segment de 10 mm&nbsp;;Segments soud\u00e9s au laser pour une excellente durabilit\u00e9&nbsp;; \u00c0 utiliser uniquement avec la pr\u00e9cussion de la machine d\u00e9sactiv\u00e9e<\/p>\n","protected":false},"excerpt":{"rendered":"<p>Segment de 10 mm&nbsp;;Segments soud\u00e9s au laser pour une excellente durabilit\u00e9&nbsp;; \u00c0 utiliser uniquement avec la pr\u00e9cussion de la machine<\/p>\n","protected":false},"featured_media":492484,"template":"","meta":{"_seopress_robots_primary_cat":"","_seopress_titles_title":"","_seopress_titles_desc":"","_seopress_robots_index":""},"product_brand":[3407],"product_cat":[29,514,549,550],"product_tag":[3270],"class_list":{"0":"post-499954","1":"product","2":"type-product","3":"status-publish","4":"has-post-thumbnail","6":"product_brand-milwaukee","7":"product_cat-macchinari","8":"product_cat-altri-dispositivi","9":"product_cat-trapani-e-avvitatori","10":"product_cat-accessori-per-trapani-ed-avvitatori","11":"product_tag-import-milwau","12":"sws-gruppo-macchinari-fr","13":"sws-conto-ricavi-merci-rivendita-macchinari-fr","14":"sws-gruppo-iva-iva81-fr","16":"first","17":"onbackorder","18":"sale","19":"shipping-taxable","20":"purchasable","21":"product-type-simple"},"_links":{"self":[{"href":"https:\/\/lucacastelli.com\/fr\/wp-json\/wp\/v2\/product\/499954","targetHints":{"allow":["GET"]}}],"collection":[{"href":"https:\/\/lucacastelli.com\/fr\/wp-json\/wp\/v2\/product"}],"about":[{"href":"https:\/\/lucacastelli.com\/fr\/wp-json\/wp\/v2\/types\/product"}],"wp:featuredmedia":[{"embeddable":true,"href":"https:\/\/lucacastelli.com\/fr\/wp-json\/wp\/v2\/media\/492484"}],"wp:attachment":[{"href":"https:\/\/lucacastelli.com\/fr\/wp-json\/wp\/v2\/media?parent=499954"}],"wp:term":[{"taxonomy":"product_brand","embeddable":true,"href":"https:\/\/lucacastelli.com\/fr\/wp-json\/wp\/v2\/product_brand?post=499954"},{"taxonomy":"product_cat","embeddable":true,"href":"https:\/\/lucacastelli.com\/fr\/wp-json\/wp\/v2\/product_cat?post=499954"},{"taxonomy":"product_tag","embeddable":true,"href":"https:\/\/lucacastelli.com\/fr\/wp-json\/wp\/v2\/product_tag?post=499954"}],"curies":[{"name":"wp","href":"https:\/\/api.w.org\/{rel}","templated":true}]}}