{"id":499863,"date":"2025-07-19T10:50:57","date_gmt":"2025-07-19T08:50:57","guid":{"rendered":"https:\/\/lucacastelli.com\/prodotto\/milwaukee-dchxl-162\/"},"modified":"2025-07-19T10:50:57","modified_gmt":"2025-07-19T08:50:57","slug":"milwaukee-dchxl-162","status":"publish","type":"product","link":"https:\/\/lucacastelli.com\/fr\/produit\/milwaukee-dchxl-162\/","title":{"rendered":"MILWAUKEE DCHXL 162"},"content":{"rendered":"<p>Segment de 10 mm pour une longue dur\u00e9e de vie&nbsp;; Segments soud\u00e9s au laser pour une excellente durabilit\u00e9 ; \u00c0 utiliser uniquement avec la pr\u00e9cussion de la machine \u00e9teinte ; Lors du pr\u00e9-trou, l\u2019unit\u00e9 de centrage doit \u00eatre utilis\u00e9e ; Utilisation avec le rotor FIXTEC Clean-Line<\/p>\n","protected":false},"excerpt":{"rendered":"<p>Segment de 10 mm pour une longue dur\u00e9e de vie&nbsp;; Segments soud\u00e9s au laser pour une excellente durabilit\u00e9 ; \u00c0<\/p>\n","protected":false},"featured_media":495077,"template":"","meta":{"_seopress_robots_primary_cat":"","_seopress_titles_title":"","_seopress_titles_desc":"","_seopress_robots_index":""},"product_brand":[3658],"product_cat":[1555,1453,167,1552],"product_tag":[3273],"class_list":{"0":"post-499863","1":"product","2":"type-product","3":"status-publish","4":"has-post-thumbnail","6":"product_brand-milwaukee-fr","7":"product_cat-accessoires-pour-perceuses-et-tournevis","8":"product_cat-autres-appareils","9":"product_cat-machines","10":"product_cat-perceuses-et-tournevis","11":"product_tag-import-milwau-fr","12":"sws-gruppo-macchinari-fr","13":"sws-conto-ricavi-merci-rivendita-macchinari-fr","14":"sws-gruppo-iva-iva81-fr","16":"first","17":"onbackorder","18":"sale","19":"shipping-taxable","20":"purchasable","21":"product-type-simple"},"_links":{"self":[{"href":"https:\/\/lucacastelli.com\/fr\/wp-json\/wp\/v2\/product\/499863","targetHints":{"allow":["GET"]}}],"collection":[{"href":"https:\/\/lucacastelli.com\/fr\/wp-json\/wp\/v2\/product"}],"about":[{"href":"https:\/\/lucacastelli.com\/fr\/wp-json\/wp\/v2\/types\/product"}],"wp:featuredmedia":[{"embeddable":true,"href":"https:\/\/lucacastelli.com\/fr\/wp-json\/wp\/v2\/media\/495077"}],"wp:attachment":[{"href":"https:\/\/lucacastelli.com\/fr\/wp-json\/wp\/v2\/media?parent=499863"}],"wp:term":[{"taxonomy":"product_brand","embeddable":true,"href":"https:\/\/lucacastelli.com\/fr\/wp-json\/wp\/v2\/product_brand?post=499863"},{"taxonomy":"product_cat","embeddable":true,"href":"https:\/\/lucacastelli.com\/fr\/wp-json\/wp\/v2\/product_cat?post=499863"},{"taxonomy":"product_tag","embeddable":true,"href":"https:\/\/lucacastelli.com\/fr\/wp-json\/wp\/v2\/product_tag?post=499863"}],"curies":[{"name":"wp","href":"https:\/\/api.w.org\/{rel}","templated":true}]}}