{"id":499858,"date":"2025-07-19T10:50:56","date_gmt":"2025-07-19T08:50:56","guid":{"rendered":"https:\/\/lucacastelli.com\/prodotto\/milwaukee-20\/"},"modified":"2025-07-19T10:50:56","modified_gmt":"2025-07-19T08:50:56","slug":"milwaukee-20","status":"publish","type":"product","link":"https:\/\/lucacastelli.com\/fr\/produit\/milwaukee-20\/","title":{"rendered":"MILWAUKEE"},"content":{"rendered":"<p>Syst\u00e8me d\u2019extraction de couronne de diamant FIXTEC&nbsp;; Le syst\u00e8me FIXTEC Milwaukee vous permet de changer les noyaux diamant\u00e9s en quelques secondes sans utiliser d\u2019outils suppl\u00e9mentaires&nbsp;; La plainte la plus courante concernant les syst\u00e8mes existants est celle d\u2019avoir des difficult\u00e9s lorsque vous d\u00e9cidez de changer le plateau, une op\u00e9ration qui devient difficile m\u00eame \u00e0 l\u2019aide de cl\u00e9s&nbsp;; Cependant, avec la nouvelle solution d\u2019aspiration FIXTEC de Milwaukee, c\u2019est un probl\u00e8me du pass\u00e9, les couronnes peuvent \u00eatre d\u00e9viss\u00e9es, retir\u00e9es et \u00e9chang\u00e9es simplement \u00e0 la main &#8211; vous n\u2019avez pas besoin d\u2019utiliser de cl\u00e9s ou d\u2019autres outils ; Les adaptateurs FIXTEC sont disponibles avec ou sans extraction de poussi\u00e8re et avec diff\u00e9rentes connexions afin d\u2019\u00eatre compatibles avec la concurrence&nbsp;; Rotor FIXTEC &#8211; adapt\u00e9 aux tr\u00e9pans diamant\u00e9s avec filetage M16. La perceuse de centrage est une perceuse standard SDS-plus <\/p>\n","protected":false},"excerpt":{"rendered":"<p>Syst\u00e8me d\u2019extraction de couronne de diamant FIXTEC&nbsp;; Le syst\u00e8me FIXTEC Milwaukee vous permet de changer les noyaux diamant\u00e9s en quelques<\/p>\n","protected":false},"featured_media":495082,"template":"","meta":{"_seopress_robots_primary_cat":"","_seopress_titles_title":"","_seopress_titles_desc":"","_seopress_robots_index":""},"product_brand":[3658],"product_cat":[167,1453,1552,1555],"product_tag":[3273],"class_list":{"0":"post-499858","1":"product","2":"type-product","3":"status-publish","4":"has-post-thumbnail","6":"product_brand-milwaukee-fr","7":"product_cat-machines","8":"product_cat-autres-appareils","9":"product_cat-perceuses-et-tournevis","10":"product_cat-accessoires-pour-perceuses-et-tournevis","11":"product_tag-import-milwau-fr","12":"sws-gruppo-macchinari-fr","13":"sws-conto-ricavi-merci-rivendita-macchinari-fr","14":"sws-gruppo-iva-iva81-fr","16":"first","17":"onbackorder","18":"sale","19":"shipping-taxable","20":"purchasable","21":"product-type-simple"},"_links":{"self":[{"href":"https:\/\/lucacastelli.com\/fr\/wp-json\/wp\/v2\/product\/499858","targetHints":{"allow":["GET"]}}],"collection":[{"href":"https:\/\/lucacastelli.com\/fr\/wp-json\/wp\/v2\/product"}],"about":[{"href":"https:\/\/lucacastelli.com\/fr\/wp-json\/wp\/v2\/types\/product"}],"wp:featuredmedia":[{"embeddable":true,"href":"https:\/\/lucacastelli.com\/fr\/wp-json\/wp\/v2\/media\/495082"}],"wp:attachment":[{"href":"https:\/\/lucacastelli.com\/fr\/wp-json\/wp\/v2\/media?parent=499858"}],"wp:term":[{"taxonomy":"product_brand","embeddable":true,"href":"https:\/\/lucacastelli.com\/fr\/wp-json\/wp\/v2\/product_brand?post=499858"},{"taxonomy":"product_cat","embeddable":true,"href":"https:\/\/lucacastelli.com\/fr\/wp-json\/wp\/v2\/product_cat?post=499858"},{"taxonomy":"product_tag","embeddable":true,"href":"https:\/\/lucacastelli.com\/fr\/wp-json\/wp\/v2\/product_tag?post=499858"}],"curies":[{"name":"wp","href":"https:\/\/api.w.org\/{rel}","templated":true}]}}