{"id":499844,"date":"2025-07-19T10:50:51","date_gmt":"2025-07-19T08:50:51","guid":{"rendered":"https:\/\/lucacastelli.com\/prodotto\/milwaukee-trepans-a-carotte-tct-systeme-sds-max\/"},"modified":"2025-07-19T10:50:51","modified_gmt":"2025-07-19T08:50:51","slug":"milwaukee-trepans-a-carotte-tct-systeme-sds-max","status":"publish","type":"product","link":"https:\/\/lucacastelli.com\/fr\/produit\/milwaukee-trepans-a-carotte-tct-systeme-sds-max\/","title":{"rendered":"MILWAUKEE Tr\u00e9pans \u00e0 carotte TCT &#8211; Syst\u00e8me SDS-Max"},"content":{"rendered":"<p>Ne convient pas aux marteaux perforateurs pesant plus de &gt; 10 kg ; Fabriqu\u00e9 en Allemagne ; Non utilisable sur b\u00e9ton arm\u00e9<\/p>\n","protected":false},"excerpt":{"rendered":"<p>Ne convient pas aux marteaux perforateurs pesant plus de &gt; 10 kg ; Fabriqu\u00e9 en Allemagne ; Non utilisable sur<\/p>\n","protected":false},"featured_media":499380,"template":"","meta":{"_seopress_robots_primary_cat":"","_seopress_titles_title":"","_seopress_titles_desc":"","_seopress_robots_index":""},"product_brand":[3407],"product_cat":[29,514,549,550],"product_tag":[3270],"class_list":{"0":"post-499844","1":"product","2":"type-product","3":"status-publish","4":"has-post-thumbnail","6":"product_brand-milwaukee","7":"product_cat-macchinari","8":"product_cat-altri-dispositivi","9":"product_cat-trapani-e-avvitatori","10":"product_cat-accessori-per-trapani-ed-avvitatori","11":"product_tag-import-milwau","12":"sws-gruppo-macchinari-fr","13":"sws-conto-ricavi-merci-rivendita-macchinari-fr","14":"sws-gruppo-iva-iva81-fr","16":"first","17":"onbackorder","18":"sale","19":"shipping-taxable","20":"purchasable","21":"product-type-simple"},"_links":{"self":[{"href":"https:\/\/lucacastelli.com\/fr\/wp-json\/wp\/v2\/product\/499844","targetHints":{"allow":["GET"]}}],"collection":[{"href":"https:\/\/lucacastelli.com\/fr\/wp-json\/wp\/v2\/product"}],"about":[{"href":"https:\/\/lucacastelli.com\/fr\/wp-json\/wp\/v2\/types\/product"}],"wp:featuredmedia":[{"embeddable":true,"href":"https:\/\/lucacastelli.com\/fr\/wp-json\/wp\/v2\/media\/499380"}],"wp:attachment":[{"href":"https:\/\/lucacastelli.com\/fr\/wp-json\/wp\/v2\/media?parent=499844"}],"wp:term":[{"taxonomy":"product_brand","embeddable":true,"href":"https:\/\/lucacastelli.com\/fr\/wp-json\/wp\/v2\/product_brand?post=499844"},{"taxonomy":"product_cat","embeddable":true,"href":"https:\/\/lucacastelli.com\/fr\/wp-json\/wp\/v2\/product_cat?post=499844"},{"taxonomy":"product_tag","embeddable":true,"href":"https:\/\/lucacastelli.com\/fr\/wp-json\/wp\/v2\/product_tag?post=499844"}],"curies":[{"name":"wp","href":"https:\/\/api.w.org\/{rel}","templated":true}]}}