{"id":499820,"date":"2025-07-19T11:32:21","date_gmt":"2025-07-19T09:32:21","guid":{"rendered":"https:\/\/lucacastelli.com\/prodotto\/capuchon-coupe-milwaukee-dec125-pour-les-meuleuses-agv12-agv13-agv15-o-115-et-125-mm-et-fuel\/"},"modified":"2025-07-19T11:32:21","modified_gmt":"2025-07-19T09:32:21","slug":"capuchon-coupe-milwaukee-dec125-pour-les-meuleuses-agv12-agv13-agv15-o-115-et-125-mm-et-fuel","status":"publish","type":"product","link":"https:\/\/lucacastelli.com\/fr\/produit\/capuchon-coupe-milwaukee-dec125-pour-les-meuleuses-agv12-agv13-agv15-o-115-et-125-mm-et-fuel\/","title":{"rendered":"Capuchon coup\u00e9 MILWAUKEE DEC125. Pour les meuleuses AG(V)12, AGV13, AGV15 \u00d8 115 et 125 mm et FUEL\u2122."},"content":{"rendered":"<p>Capuchon d\u2019aspiration pour meuleuses d\u2019angle avec des diam\u00e8tres de disque de 115 \u00e0 125 mm&nbsp;;La profondeur sans outil peut \u00eatre r\u00e9gl\u00e9e de 5 \u00e0 28 mm&nbsp;;Le guide de coupe emp\u00eache d\u2019endommager la machine&nbsp;; Le dispositif d\u2019aspiration convient \u00e0 tous les aspirateurs Milwaukee de cat\u00e9gorie M avec l\u2019adaptateur unique avec syst\u00e8me CLICK ; L\u2019adaptateur est inclus dans la livraison<\/p>\n","protected":false},"excerpt":{"rendered":"<p>Capuchon d\u2019aspiration pour meuleuses d\u2019angle avec des diam\u00e8tres de disque de 115 \u00e0 125 mm&nbsp;;La profondeur sans outil peut \u00eatre<\/p>\n","protected":false},"featured_media":496599,"template":"","meta":{"_seopress_robots_primary_cat":"","_seopress_titles_title":"","_seopress_titles_desc":"","_seopress_robots_index":""},"product_brand":[3407],"product_cat":[29,514,555],"product_tag":[3270],"class_list":{"0":"post-499820","1":"product","2":"type-product","3":"status-publish","4":"has-post-thumbnail","6":"product_brand-milwaukee","7":"product_cat-macchinari","8":"product_cat-altri-dispositivi","9":"product_cat-smerigliatrici","10":"product_tag-import-milwau","11":"sws-gruppo-macchinari-fr","12":"sws-conto-ricavi-merci-rivendita-macchinari-fr","13":"sws-gruppo-iva-iva81-fr","15":"first","16":"onbackorder","17":"sale","18":"shipping-taxable","19":"purchasable","20":"product-type-simple"},"_links":{"self":[{"href":"https:\/\/lucacastelli.com\/fr\/wp-json\/wp\/v2\/product\/499820","targetHints":{"allow":["GET"]}}],"collection":[{"href":"https:\/\/lucacastelli.com\/fr\/wp-json\/wp\/v2\/product"}],"about":[{"href":"https:\/\/lucacastelli.com\/fr\/wp-json\/wp\/v2\/types\/product"}],"wp:featuredmedia":[{"embeddable":true,"href":"https:\/\/lucacastelli.com\/fr\/wp-json\/wp\/v2\/media\/496599"}],"wp:attachment":[{"href":"https:\/\/lucacastelli.com\/fr\/wp-json\/wp\/v2\/media?parent=499820"}],"wp:term":[{"taxonomy":"product_brand","embeddable":true,"href":"https:\/\/lucacastelli.com\/fr\/wp-json\/wp\/v2\/product_brand?post=499820"},{"taxonomy":"product_cat","embeddable":true,"href":"https:\/\/lucacastelli.com\/fr\/wp-json\/wp\/v2\/product_cat?post=499820"},{"taxonomy":"product_tag","embeddable":true,"href":"https:\/\/lucacastelli.com\/fr\/wp-json\/wp\/v2\/product_tag?post=499820"}],"curies":[{"name":"wp","href":"https:\/\/api.w.org\/{rel}","templated":true}]}}