{"id":499781,"date":"2025-07-19T11:39:03","date_gmt":"2025-07-19T09:39:03","guid":{"rendered":"https:\/\/lucacastelli.com\/prodotto\/adaptateur-de-filtre-milwaukee-pour-m12-de-il-vous-permet-de-connecter-laspirateur-m12de-a-un-aspirateur-externe-pour-une-plus-grande-capacite-daspiration-o-37-mm-externe-o-32\/"},"modified":"2025-07-19T11:39:03","modified_gmt":"2025-07-19T09:39:03","slug":"adaptateur-de-filtre-milwaukee-pour-m12-de-il-vous-permet-de-connecter-laspirateur-m12de-a-un-aspirateur-externe-pour-une-plus-grande-capacite-daspiration-o-37-mm-externe-o-32","status":"publish","type":"product","link":"https:\/\/lucacastelli.com\/fr\/produit\/adaptateur-de-filtre-milwaukee-pour-m12-de-il-vous-permet-de-connecter-laspirateur-m12de-a-un-aspirateur-externe-pour-une-plus-grande-capacite-daspiration-o-37-mm-externe-o-32\/","title":{"rendered":"Adaptateur de filtre MILWAUKEE pour M12 DE. Il vous permet de connecter l\u2019aspirateur M12DE \u00e0 un aspirateur externe (pour une plus grande capacit\u00e9 d\u2019aspiration). \u00d8 37 mm externe \/ \u00d8 32 mm interne"},"content":{"rendered":"<p>Conforme \u00e0 la r\u00e9glementation&nbsp;; Permet un travail sans poussi\u00e8re<\/p>\n","protected":false},"excerpt":{"rendered":"<p>Conforme \u00e0 la r\u00e9glementation&nbsp;; Permet un travail sans poussi\u00e8re<\/p>\n","protected":false},"featured_media":496691,"template":"","meta":{"_seopress_robots_primary_cat":"","_seopress_titles_title":"","_seopress_titles_desc":"","_seopress_robots_index":""},"product_brand":[3658],"product_cat":[1474,1453,167],"product_tag":[3273],"class_list":{"0":"post-499781","1":"product","2":"type-product","3":"status-publish","4":"has-post-thumbnail","6":"product_brand-milwaukee-fr","7":"product_cat-aspirateurs-de-nettoyage","8":"product_cat-autres-appareils","9":"product_cat-machines","10":"product_tag-import-milwau-fr","11":"sws-gruppo-macchinari-fr","12":"sws-conto-ricavi-merci-rivendita-macchinari-fr","13":"sws-gruppo-iva-iva81-fr","15":"first","16":"onbackorder","17":"shipping-taxable","18":"purchasable","19":"product-type-simple"},"_links":{"self":[{"href":"https:\/\/lucacastelli.com\/fr\/wp-json\/wp\/v2\/product\/499781","targetHints":{"allow":["GET"]}}],"collection":[{"href":"https:\/\/lucacastelli.com\/fr\/wp-json\/wp\/v2\/product"}],"about":[{"href":"https:\/\/lucacastelli.com\/fr\/wp-json\/wp\/v2\/types\/product"}],"wp:featuredmedia":[{"embeddable":true,"href":"https:\/\/lucacastelli.com\/fr\/wp-json\/wp\/v2\/media\/496691"}],"wp:attachment":[{"href":"https:\/\/lucacastelli.com\/fr\/wp-json\/wp\/v2\/media?parent=499781"}],"wp:term":[{"taxonomy":"product_brand","embeddable":true,"href":"https:\/\/lucacastelli.com\/fr\/wp-json\/wp\/v2\/product_brand?post=499781"},{"taxonomy":"product_cat","embeddable":true,"href":"https:\/\/lucacastelli.com\/fr\/wp-json\/wp\/v2\/product_cat?post=499781"},{"taxonomy":"product_tag","embeddable":true,"href":"https:\/\/lucacastelli.com\/fr\/wp-json\/wp\/v2\/product_tag?post=499781"}],"curies":[{"name":"wp","href":"https:\/\/api.w.org\/{rel}","templated":true}]}}