{"id":499780,"date":"2025-07-19T12:14:42","date_gmt":"2025-07-19T10:14:42","guid":{"rendered":"https:\/\/lucacastelli.com\/prodotto\/graisse-de-milwaukee-2\/"},"modified":"2026-04-08T16:19:15","modified_gmt":"2026-04-08T14:19:15","slug":"graisse-de-milwaukee-2","status":"publish","type":"product","link":"https:\/\/lucacastelli.com\/fr\/produit\/graisse-de-milwaukee-2\/","title":{"rendered":"Graisse de MILWAUKEE"},"content":{"rendered":"<p>Cette graisse a une formulation sp\u00e9ciale pour lubrifier et prot\u00e9ger \u00e0 la fois l\u2019outil et les accessoires, pour une dur\u00e9e de vie plus longue ; Appliquer directement sur la fixation de la m\u00e8che, du ciseau, de la carotteuse, etc.&nbsp;; Contient 50 grammes<\/p>\n","protected":false},"excerpt":{"rendered":"<p>Cette graisse a une formulation sp\u00e9ciale pour lubrifier et prot\u00e9ger \u00e0 la fois l\u2019outil et les accessoires, pour une dur\u00e9e<\/p>\n","protected":false},"featured_media":491892,"template":"","meta":{"_seopress_robots_primary_cat":"","_seopress_titles_title":"","_seopress_titles_desc":"","_seopress_robots_index":""},"product_brand":[3407],"product_cat":[29,260],"product_tag":[3270],"class_list":{"0":"post-499780","1":"product","2":"type-product","3":"status-publish","4":"has-post-thumbnail","6":"product_brand-milwaukee","7":"product_cat-macchinari","8":"product_cat-lubrificanti","9":"product_tag-import-milwau","10":"sws-gruppo-macchinari-fr","11":"sws-conto-ricavi-merci-rivendita-macchinari-fr","12":"sws-gruppo-iva-iva81-fr","14":"first","15":"onbackorder","16":"shipping-taxable","17":"purchasable","18":"product-type-simple"},"_links":{"self":[{"href":"https:\/\/lucacastelli.com\/fr\/wp-json\/wp\/v2\/product\/499780","targetHints":{"allow":["GET"]}}],"collection":[{"href":"https:\/\/lucacastelli.com\/fr\/wp-json\/wp\/v2\/product"}],"about":[{"href":"https:\/\/lucacastelli.com\/fr\/wp-json\/wp\/v2\/types\/product"}],"wp:featuredmedia":[{"embeddable":true,"href":"https:\/\/lucacastelli.com\/fr\/wp-json\/wp\/v2\/media\/491892"}],"wp:attachment":[{"href":"https:\/\/lucacastelli.com\/fr\/wp-json\/wp\/v2\/media?parent=499780"}],"wp:term":[{"taxonomy":"product_brand","embeddable":true,"href":"https:\/\/lucacastelli.com\/fr\/wp-json\/wp\/v2\/product_brand?post=499780"},{"taxonomy":"product_cat","embeddable":true,"href":"https:\/\/lucacastelli.com\/fr\/wp-json\/wp\/v2\/product_cat?post=499780"},{"taxonomy":"product_tag","embeddable":true,"href":"https:\/\/lucacastelli.com\/fr\/wp-json\/wp\/v2\/product_tag?post=499780"}],"curies":[{"name":"wp","href":"https:\/\/api.w.org\/{rel}","templated":true}]}}