{"id":499776,"date":"2025-07-19T11:43:50","date_gmt":"2025-07-19T09:43:50","guid":{"rendered":"https:\/\/lucacastelli.com\/prodotto\/le-milwaukee-xtractor-peut-etre-utilise-avec-tous-les-aspirateurs-et-systemes-daspiration-industriels-avec-des-diametres-de-tuyau-de-26-a-41-mm-diametre-maximum-du-trou-28-mm\/"},"modified":"2025-07-19T11:43:50","modified_gmt":"2025-07-19T09:43:50","slug":"le-milwaukee-xtractor-peut-etre-utilise-avec-tous-les-aspirateurs-et-systemes-daspiration-industriels-avec-des-diametres-de-tuyau-de-26-a-41-mm-diametre-maximum-du-trou-28-mm","status":"publish","type":"product","link":"https:\/\/lucacastelli.com\/fr\/produit\/le-milwaukee-xtractor-peut-etre-utilise-avec-tous-les-aspirateurs-et-systemes-daspiration-industriels-avec-des-diametres-de-tuyau-de-26-a-41-mm-diametre-maximum-du-trou-28-mm\/","title":{"rendered":"Le MILWAUKEE Xtractor peut \u00eatre utilis\u00e9 avec tous les aspirateurs et syst\u00e8mes d\u2019aspiration industriels avec des diam\u00e8tres de tuyau de 26 \u00e0 41 mm. Diam\u00e8tre maximum du trou 28 mm."},"content":{"rendered":"<p>Adaptateur pour l\u2019aspiration de la poussi\u00e8re dans des trous jusqu\u2019\u00e0 28 mm&nbsp;;Il convient \u00e0 tous les aspirateurs avec un diam\u00e8tre de tuyau de 26 \u00e0 41 mm<\/p>\n","protected":false},"excerpt":{"rendered":"<p>Adaptateur pour l\u2019aspiration de la poussi\u00e8re dans des trous jusqu\u2019\u00e0 28 mm&nbsp;;Il convient \u00e0 tous les aspirateurs avec un diam\u00e8tre<\/p>\n","protected":false},"featured_media":496564,"template":"","meta":{"_seopress_robots_primary_cat":"","_seopress_titles_title":"","_seopress_titles_desc":"","_seopress_robots_index":""},"product_brand":[3407],"product_cat":[29,514,517],"product_tag":[3270],"class_list":{"0":"post-499776","1":"product","2":"type-product","3":"status-publish","4":"has-post-thumbnail","6":"product_brand-milwaukee","7":"product_cat-macchinari","8":"product_cat-altri-dispositivi","9":"product_cat-aspiratori-per-la-pulizia","10":"product_tag-import-milwau","11":"sws-gruppo-macchinari-fr","12":"sws-conto-ricavi-merci-rivendita-macchinari-fr","13":"sws-gruppo-iva-iva81-fr","15":"first","16":"onbackorder","17":"shipping-taxable","18":"purchasable","19":"product-type-simple"},"_links":{"self":[{"href":"https:\/\/lucacastelli.com\/fr\/wp-json\/wp\/v2\/product\/499776","targetHints":{"allow":["GET"]}}],"collection":[{"href":"https:\/\/lucacastelli.com\/fr\/wp-json\/wp\/v2\/product"}],"about":[{"href":"https:\/\/lucacastelli.com\/fr\/wp-json\/wp\/v2\/types\/product"}],"wp:featuredmedia":[{"embeddable":true,"href":"https:\/\/lucacastelli.com\/fr\/wp-json\/wp\/v2\/media\/496564"}],"wp:attachment":[{"href":"https:\/\/lucacastelli.com\/fr\/wp-json\/wp\/v2\/media?parent=499776"}],"wp:term":[{"taxonomy":"product_brand","embeddable":true,"href":"https:\/\/lucacastelli.com\/fr\/wp-json\/wp\/v2\/product_brand?post=499776"},{"taxonomy":"product_cat","embeddable":true,"href":"https:\/\/lucacastelli.com\/fr\/wp-json\/wp\/v2\/product_cat?post=499776"},{"taxonomy":"product_tag","embeddable":true,"href":"https:\/\/lucacastelli.com\/fr\/wp-json\/wp\/v2\/product_tag?post=499776"}],"curies":[{"name":"wp","href":"https:\/\/api.w.org\/{rel}","templated":true}]}}