{"id":499772,"date":"2025-07-19T12:14:44","date_gmt":"2025-07-19T10:14:44","guid":{"rendered":"https:\/\/lucacastelli.com\/prodotto\/graisse-de-milwaukee\/"},"modified":"2025-07-19T12:14:44","modified_gmt":"2025-07-19T10:14:44","slug":"graisse-de-milwaukee","status":"publish","type":"product","link":"https:\/\/lucacastelli.com\/fr\/produit\/graisse-de-milwaukee\/","title":{"rendered":"Graisse de MILWAUKEE"},"content":{"rendered":"<p>Pour la lubrification des tr\u00e9pans diamant\u00e9s et des carotteuses diamant\u00e9es<\/p>\n","protected":false},"excerpt":{"rendered":"<p>Pour la lubrification des tr\u00e9pans diamant\u00e9s et des carotteuses diamant\u00e9es<\/p>\n","protected":false},"featured_media":492563,"template":"","meta":{"_seopress_robots_primary_cat":"","_seopress_titles_title":"","_seopress_titles_desc":"","_seopress_robots_index":""},"product_brand":[3407],"product_cat":[29,260],"product_tag":[3270],"class_list":{"0":"post-499772","1":"product","2":"type-product","3":"status-publish","4":"has-post-thumbnail","6":"product_brand-milwaukee","7":"product_cat-macchinari","8":"product_cat-lubrificanti","9":"product_tag-import-milwau","10":"sws-gruppo-macchinari-fr","11":"sws-conto-ricavi-merci-rivendita-macchinari-fr","12":"sws-gruppo-iva-iva81-fr","14":"first","15":"onbackorder","16":"shipping-taxable","17":"purchasable","18":"product-type-simple"},"_links":{"self":[{"href":"https:\/\/lucacastelli.com\/fr\/wp-json\/wp\/v2\/product\/499772","targetHints":{"allow":["GET"]}}],"collection":[{"href":"https:\/\/lucacastelli.com\/fr\/wp-json\/wp\/v2\/product"}],"about":[{"href":"https:\/\/lucacastelli.com\/fr\/wp-json\/wp\/v2\/types\/product"}],"wp:featuredmedia":[{"embeddable":true,"href":"https:\/\/lucacastelli.com\/fr\/wp-json\/wp\/v2\/media\/492563"}],"wp:attachment":[{"href":"https:\/\/lucacastelli.com\/fr\/wp-json\/wp\/v2\/media?parent=499772"}],"wp:term":[{"taxonomy":"product_brand","embeddable":true,"href":"https:\/\/lucacastelli.com\/fr\/wp-json\/wp\/v2\/product_brand?post=499772"},{"taxonomy":"product_cat","embeddable":true,"href":"https:\/\/lucacastelli.com\/fr\/wp-json\/wp\/v2\/product_cat?post=499772"},{"taxonomy":"product_tag","embeddable":true,"href":"https:\/\/lucacastelli.com\/fr\/wp-json\/wp\/v2\/product_tag?post=499772"}],"curies":[{"name":"wp","href":"https:\/\/api.w.org\/{rel}","templated":true}]}}