{"id":499766,"date":"2025-07-19T12:18:33","date_gmt":"2025-07-19T10:18:33","guid":{"rendered":"https:\/\/lucacastelli.com\/prodotto\/milwaukee-m18-lampe-de-poche-led\/"},"modified":"2025-07-19T12:18:33","modified_gmt":"2025-07-19T10:18:33","slug":"milwaukee-m18-lampe-de-poche-led","status":"publish","type":"product","link":"https:\/\/lucacastelli.com\/fr\/produit\/milwaukee-m18-lampe-de-poche-led\/","title":{"rendered":"MILWAUKEE M18\u2122 Lampe de poche LED"},"content":{"rendered":"<p>Lumi\u00e8re LED de 120 lumens &#8211; 2 fois plus lumineuse que les lampes \u00e0 incandescence ; Autonomie 2 fois plus longue gr\u00e2ce aux LED \u00e9lectroniques ; T\u00eate en aluminium pour une plus grande r\u00e9sistance aux chocs ; T\u00eate pivotante de 135\u00b0 ; Crochet int\u00e9gr\u00e9&nbsp;; Plate-forme de batterie 18V : Fonctionne avec toutes les batteries MILWAUKEE\u00ae M18\u2122<\/p>\n","protected":false},"excerpt":{"rendered":"<p>Lumi\u00e8re LED de 120 lumens &#8211; 2 fois plus lumineuse que les lampes \u00e0 incandescence ; Autonomie 2 fois plus<\/p>\n","protected":false},"featured_media":496432,"template":"","meta":{"_seopress_robots_primary_cat":"","_seopress_titles_title":"","_seopress_titles_desc":"","_seopress_robots_index":""},"product_brand":[3407],"product_cat":[537],"product_tag":[3270],"class_list":{"0":"post-499766","1":"product","2":"type-product","3":"status-publish","4":"has-post-thumbnail","6":"product_brand-milwaukee","7":"product_cat-attrezzatura-da-lavoro","8":"product_tag-import-milwau","9":"sws-gruppo-macchinari-fr","10":"sws-conto-ricavi-merci-rivendita-macchinari-fr","11":"sws-gruppo-iva-iva81-fr","13":"first","14":"onbackorder","15":"sale","16":"shipping-taxable","17":"purchasable","18":"product-type-simple"},"_links":{"self":[{"href":"https:\/\/lucacastelli.com\/fr\/wp-json\/wp\/v2\/product\/499766","targetHints":{"allow":["GET"]}}],"collection":[{"href":"https:\/\/lucacastelli.com\/fr\/wp-json\/wp\/v2\/product"}],"about":[{"href":"https:\/\/lucacastelli.com\/fr\/wp-json\/wp\/v2\/types\/product"}],"wp:featuredmedia":[{"embeddable":true,"href":"https:\/\/lucacastelli.com\/fr\/wp-json\/wp\/v2\/media\/496432"}],"wp:attachment":[{"href":"https:\/\/lucacastelli.com\/fr\/wp-json\/wp\/v2\/media?parent=499766"}],"wp:term":[{"taxonomy":"product_brand","embeddable":true,"href":"https:\/\/lucacastelli.com\/fr\/wp-json\/wp\/v2\/product_brand?post=499766"},{"taxonomy":"product_cat","embeddable":true,"href":"https:\/\/lucacastelli.com\/fr\/wp-json\/wp\/v2\/product_cat?post=499766"},{"taxonomy":"product_tag","embeddable":true,"href":"https:\/\/lucacastelli.com\/fr\/wp-json\/wp\/v2\/product_tag?post=499766"}],"curies":[{"name":"wp","href":"https:\/\/api.w.org\/{rel}","templated":true}]}}