{"id":499763,"date":"2025-07-19T12:18:36","date_gmt":"2025-07-19T10:18:36","guid":{"rendered":"https:\/\/lucacastelli.com\/prodotto\/milwaukee-m12-lampe-de-poche-led\/"},"modified":"2025-07-19T12:18:36","modified_gmt":"2025-07-19T10:18:36","slug":"milwaukee-m12-lampe-de-poche-led","status":"publish","type":"product","link":"https:\/\/lucacastelli.com\/fr\/produit\/milwaukee-m12-lampe-de-poche-led\/","title":{"rendered":"MILWAUKEE M12\u2122 Lampe de poche LED"},"content":{"rendered":"<p>Lumi\u00e8re LED qui d\u00e9livre jusqu\u2019\u00e0 120 lumens &#8211; 2 fois plus lumineuse qu\u2019une lampe \u00e0 incandescence ; LED \u00e9lectroniques &#8211; autonomie 2 fois plus longue&nbsp;; T\u00eate en aluminium r\u00e9sistant aux chocs&nbsp;; T\u00eate rotative \u00e0 90\u00b0 ; Aimant int\u00e9gr\u00e9 pour plus de commodit\u00e9 ; Plate-forme 12V : Fonctionne avec toutes les batteries MILWAUKEE\u00ae M12\u2122<\/p>\n","protected":false},"excerpt":{"rendered":"<p>Lumi\u00e8re LED qui d\u00e9livre jusqu\u2019\u00e0 120 lumens &#8211; 2 fois plus lumineuse qu\u2019une lampe \u00e0 incandescence ; LED \u00e9lectroniques &#8211;<\/p>\n","protected":false},"featured_media":496403,"template":"","meta":{"_seopress_robots_primary_cat":"","_seopress_titles_title":"","_seopress_titles_desc":"","_seopress_robots_index":""},"product_brand":[3407],"product_cat":[537],"product_tag":[3270],"class_list":{"0":"post-499763","1":"product","2":"type-product","3":"status-publish","4":"has-post-thumbnail","6":"product_brand-milwaukee","7":"product_cat-attrezzatura-da-lavoro","8":"product_tag-import-milwau","9":"sws-gruppo-macchinari-fr","10":"sws-conto-ricavi-merci-rivendita-macchinari-fr","11":"sws-gruppo-iva-iva81-fr","13":"first","14":"onbackorder","15":"sale","16":"shipping-taxable","17":"purchasable","18":"product-type-simple"},"_links":{"self":[{"href":"https:\/\/lucacastelli.com\/fr\/wp-json\/wp\/v2\/product\/499763","targetHints":{"allow":["GET"]}}],"collection":[{"href":"https:\/\/lucacastelli.com\/fr\/wp-json\/wp\/v2\/product"}],"about":[{"href":"https:\/\/lucacastelli.com\/fr\/wp-json\/wp\/v2\/types\/product"}],"wp:featuredmedia":[{"embeddable":true,"href":"https:\/\/lucacastelli.com\/fr\/wp-json\/wp\/v2\/media\/496403"}],"wp:attachment":[{"href":"https:\/\/lucacastelli.com\/fr\/wp-json\/wp\/v2\/media?parent=499763"}],"wp:term":[{"taxonomy":"product_brand","embeddable":true,"href":"https:\/\/lucacastelli.com\/fr\/wp-json\/wp\/v2\/product_brand?post=499763"},{"taxonomy":"product_cat","embeddable":true,"href":"https:\/\/lucacastelli.com\/fr\/wp-json\/wp\/v2\/product_cat?post=499763"},{"taxonomy":"product_tag","embeddable":true,"href":"https:\/\/lucacastelli.com\/fr\/wp-json\/wp\/v2\/product_tag?post=499763"}],"curies":[{"name":"wp","href":"https:\/\/api.w.org\/{rel}","templated":true}]}}