{"id":499760,"date":"2025-07-19T12:18:35","date_gmt":"2025-07-19T10:18:35","guid":{"rendered":"https:\/\/lucacastelli.com\/prodotto\/milwaukee-phare-led-m18\/"},"modified":"2025-07-19T12:18:35","modified_gmt":"2025-07-19T10:18:35","slug":"milwaukee-phare-led-m18","status":"publish","type":"product","link":"https:\/\/lucacastelli.com\/fr\/produit\/milwaukee-phare-led-m18\/","title":{"rendered":"MILWAUKEE Phare LED M18\u2122"},"content":{"rendered":"<p>L\u2019\u00e9clairage professionnel MILWAUKEE\u00ae TRUEVIEW\u2122 permet une grande visibilit\u00e9 des d\u00e9tails et une repr\u00e9sentation fid\u00e8le des couleurs, en plus de r\u00e9duire les reflets et les ombres ; 8 LED puissantes d\u00e9livrent 1500 lumens pour un \u00e9clairage efficace &#8211; jusqu\u2019\u00e0 30&nbsp;% plus lumineux qu\u2019une lampe halog\u00e8ne de 250W&nbsp;; Construction robuste et conception con\u00e7ue pour durer dans le temps&nbsp;; Poign\u00e9e int\u00e9gr\u00e9e confortable &#8211; possibilit\u00e9 de suspendre verticalement ou horizontalement&nbsp;; Trou pour accrocher le phare avec un tubulaire de 13 mm&nbsp;; Plate-forme de batterie 18V : Fonctionne avec toutes les batteries MILWAUKEE\u00ae M18\u2122<\/p>\n","protected":false},"excerpt":{"rendered":"<p>L\u2019\u00e9clairage professionnel MILWAUKEE\u00ae TRUEVIEW\u2122 permet une grande visibilit\u00e9 des d\u00e9tails et une repr\u00e9sentation fid\u00e8le des couleurs, en plus de r\u00e9duire<\/p>\n","protected":false},"featured_media":496462,"template":"","meta":{"_seopress_robots_primary_cat":"","_seopress_titles_title":"","_seopress_titles_desc":"","_seopress_robots_index":""},"product_brand":[3407],"product_cat":[537],"product_tag":[3270],"class_list":{"0":"post-499760","1":"product","2":"type-product","3":"status-publish","4":"has-post-thumbnail","6":"product_brand-milwaukee","7":"product_cat-attrezzatura-da-lavoro","8":"product_tag-import-milwau","9":"sws-gruppo-macchinari-fr","10":"sws-conto-ricavi-merci-rivendita-macchinari-fr","11":"sws-gruppo-iva-iva81-fr","13":"first","14":"onbackorder","15":"sale","16":"shipping-taxable","17":"purchasable","18":"product-type-simple"},"_links":{"self":[{"href":"https:\/\/lucacastelli.com\/fr\/wp-json\/wp\/v2\/product\/499760","targetHints":{"allow":["GET"]}}],"collection":[{"href":"https:\/\/lucacastelli.com\/fr\/wp-json\/wp\/v2\/product"}],"about":[{"href":"https:\/\/lucacastelli.com\/fr\/wp-json\/wp\/v2\/types\/product"}],"wp:featuredmedia":[{"embeddable":true,"href":"https:\/\/lucacastelli.com\/fr\/wp-json\/wp\/v2\/media\/496462"}],"wp:attachment":[{"href":"https:\/\/lucacastelli.com\/fr\/wp-json\/wp\/v2\/media?parent=499760"}],"wp:term":[{"taxonomy":"product_brand","embeddable":true,"href":"https:\/\/lucacastelli.com\/fr\/wp-json\/wp\/v2\/product_brand?post=499760"},{"taxonomy":"product_cat","embeddable":true,"href":"https:\/\/lucacastelli.com\/fr\/wp-json\/wp\/v2\/product_cat?post=499760"},{"taxonomy":"product_tag","embeddable":true,"href":"https:\/\/lucacastelli.com\/fr\/wp-json\/wp\/v2\/product_tag?post=499760"}],"curies":[{"name":"wp","href":"https:\/\/api.w.org\/{rel}","templated":true}]}}