{"id":499738,"date":"2025-07-19T11:21:56","date_gmt":"2025-07-19T09:21:56","guid":{"rendered":"https:\/\/lucacastelli.com\/prodotto\/milwaukee-wchp-52\/"},"modified":"2025-07-19T11:21:56","modified_gmt":"2025-07-19T09:21:56","slug":"milwaukee-wchp-52","status":"publish","type":"product","link":"https:\/\/lucacastelli.com\/fr\/produit\/milwaukee-wchp-52\/","title":{"rendered":"MILWAUKEE WCHP 52"},"content":{"rendered":"<p>Connexion UNC standard 1 1\/4&#8221;&nbsp;; Les caract\u00e9ristiques (type + diam\u00e8tre) sont grav\u00e9es sur la fixation de la couronne pour assurer une visibilit\u00e9 durable ; Segments soud\u00e9s au laser pour des performances \u00e9lev\u00e9es ; Segment de 10 mm pour une durabilit\u00e9 sup\u00e9rieure ; Dent profil\u00e9e avec design TURBO : pr\u00e9-aff\u00fbt\u00e9e, pour de meilleures performances d\u00e8s le premier instant ; Trou : Une rainure externe et deux rainures internes sur chaque dent permettent de r\u00e9duire la surchauffe et d\u2019augmenter l\u2019enl\u00e8vement de mati\u00e8re<\/p>\n","protected":false},"excerpt":{"rendered":"<p>Connexion UNC standard 1 1\/4&#8221;&nbsp;; Les caract\u00e9ristiques (type + diam\u00e8tre) sont grav\u00e9es sur la fixation de la couronne pour assurer<\/p>\n","protected":false},"featured_media":495515,"template":"","meta":{"_seopress_robots_primary_cat":"","_seopress_titles_title":"","_seopress_titles_desc":"","_seopress_robots_index":""},"product_brand":[3658],"product_cat":[167,1453,1552,1555],"product_tag":[3273],"class_list":{"0":"post-499738","1":"product","2":"type-product","3":"status-publish","4":"has-post-thumbnail","6":"product_brand-milwaukee-fr","7":"product_cat-machines","8":"product_cat-autres-appareils","9":"product_cat-perceuses-et-tournevis","10":"product_cat-accessoires-pour-perceuses-et-tournevis","11":"product_tag-import-milwau-fr","12":"sws-gruppo-macchinari-fr","13":"sws-conto-ricavi-merci-rivendita-macchinari-fr","14":"sws-gruppo-iva-iva81-fr","16":"first","17":"onbackorder","18":"sale","19":"shipping-taxable","20":"purchasable","21":"product-type-simple"},"_links":{"self":[{"href":"https:\/\/lucacastelli.com\/fr\/wp-json\/wp\/v2\/product\/499738","targetHints":{"allow":["GET"]}}],"collection":[{"href":"https:\/\/lucacastelli.com\/fr\/wp-json\/wp\/v2\/product"}],"about":[{"href":"https:\/\/lucacastelli.com\/fr\/wp-json\/wp\/v2\/types\/product"}],"wp:featuredmedia":[{"embeddable":true,"href":"https:\/\/lucacastelli.com\/fr\/wp-json\/wp\/v2\/media\/495515"}],"wp:attachment":[{"href":"https:\/\/lucacastelli.com\/fr\/wp-json\/wp\/v2\/media?parent=499738"}],"wp:term":[{"taxonomy":"product_brand","embeddable":true,"href":"https:\/\/lucacastelli.com\/fr\/wp-json\/wp\/v2\/product_brand?post=499738"},{"taxonomy":"product_cat","embeddable":true,"href":"https:\/\/lucacastelli.com\/fr\/wp-json\/wp\/v2\/product_cat?post=499738"},{"taxonomy":"product_tag","embeddable":true,"href":"https:\/\/lucacastelli.com\/fr\/wp-json\/wp\/v2\/product_tag?post=499738"}],"curies":[{"name":"wp","href":"https:\/\/api.w.org\/{rel}","templated":true}]}}