{"id":499671,"date":"2025-07-19T11:01:30","date_gmt":"2025-07-19T09:01:30","guid":{"rendered":"https:\/\/lucacastelli.com\/prodotto\/milwaukee-contractor-meules-a-tronconner-6\/"},"modified":"2025-07-19T11:01:30","modified_gmt":"2025-07-19T09:01:30","slug":"milwaukee-contractor-meules-a-tronconner-6","status":"publish","type":"product","link":"https:\/\/lucacastelli.com\/fr\/produit\/milwaukee-contractor-meules-a-tronconner-6\/","title":{"rendered":"MILWAUKEE CONTRACTOR Meules \u00e0 tron\u00e7onner"},"content":{"rendered":"<p>Applications&nbsp;: Fer&nbsp;; Convient \u00e0 l\u2019acier r\u00e9sistant aux acides, \u00e0 l\u2019acier dur, \u00e0 l\u2019acier alli\u00e9 et \u00e0 l\u2019acier doux. NE convient PAS pour l\u2019acier inoxydable <\/p>\n","protected":false},"excerpt":{"rendered":"<p>Applications&nbsp;: Fer&nbsp;; Convient \u00e0 l\u2019acier r\u00e9sistant aux acides, \u00e0 l\u2019acier dur, \u00e0 l\u2019acier alli\u00e9 et \u00e0 l\u2019acier doux. NE convient<\/p>\n","protected":false},"featured_media":497613,"template":"","meta":{"_seopress_robots_primary_cat":"","_seopress_titles_title":"","_seopress_titles_desc":"","_seopress_robots_index":""},"product_brand":[3658],"product_cat":[1453,167,1540],"product_tag":[3273],"class_list":{"0":"post-499671","1":"product","2":"type-product","3":"status-publish","4":"has-post-thumbnail","6":"product_brand-milwaukee-fr","7":"product_cat-autres-appareils","8":"product_cat-machines","9":"product_cat-meuleuses","10":"product_tag-import-milwau-fr","11":"sws-gruppo-macchinari-fr","12":"sws-conto-ricavi-merci-rivendita-macchinari-fr","13":"sws-gruppo-iva-iva81-fr","15":"first","16":"onbackorder","17":"shipping-taxable","18":"purchasable","19":"product-type-simple"},"_links":{"self":[{"href":"https:\/\/lucacastelli.com\/fr\/wp-json\/wp\/v2\/product\/499671","targetHints":{"allow":["GET"]}}],"collection":[{"href":"https:\/\/lucacastelli.com\/fr\/wp-json\/wp\/v2\/product"}],"about":[{"href":"https:\/\/lucacastelli.com\/fr\/wp-json\/wp\/v2\/types\/product"}],"wp:featuredmedia":[{"embeddable":true,"href":"https:\/\/lucacastelli.com\/fr\/wp-json\/wp\/v2\/media\/497613"}],"wp:attachment":[{"href":"https:\/\/lucacastelli.com\/fr\/wp-json\/wp\/v2\/media?parent=499671"}],"wp:term":[{"taxonomy":"product_brand","embeddable":true,"href":"https:\/\/lucacastelli.com\/fr\/wp-json\/wp\/v2\/product_brand?post=499671"},{"taxonomy":"product_cat","embeddable":true,"href":"https:\/\/lucacastelli.com\/fr\/wp-json\/wp\/v2\/product_cat?post=499671"},{"taxonomy":"product_tag","embeddable":true,"href":"https:\/\/lucacastelli.com\/fr\/wp-json\/wp\/v2\/product_tag?post=499671"}],"curies":[{"name":"wp","href":"https:\/\/api.w.org\/{rel}","templated":true}]}}