{"id":499650,"date":"2025-07-19T11:12:30","date_gmt":"2025-07-19T09:12:30","guid":{"rendered":"https:\/\/lucacastelli.com\/prodotto\/milwaukee-scs-41-115\/"},"modified":"2025-07-19T11:12:30","modified_gmt":"2025-07-19T09:12:30","slug":"milwaukee-scs-41-115","status":"publish","type":"product","link":"https:\/\/lucacastelli.com\/fr\/produit\/milwaukee-scs-41-115\/","title":{"rendered":"MILWAUKEE SCS 41 \/ 115"},"content":{"rendered":"<p>Applications&nbsp;: Convient \u00e0 tous les aciers. Recommand\u00e9 pour la coupe de l\u2019acier inoxydable, de l\u2019acier dur, de la fonte, de l\u2019acier r\u00e9sistant \u00e0 la chaleur, de l\u2019acier doux ; Caract\u00e9ristiques : + 50 % de dur\u00e9e de vie en plus, 50 % de temps de coupe en moins, 50 % de poussi\u00e8re en moins <\/p>\n","protected":false},"excerpt":{"rendered":"<p>Applications&nbsp;: Convient \u00e0 tous les aciers. Recommand\u00e9 pour la coupe de l\u2019acier inoxydable, de l\u2019acier dur, de la fonte, de<\/p>\n","protected":false},"featured_media":497704,"template":"","meta":{"_seopress_robots_primary_cat":"","_seopress_titles_title":"","_seopress_titles_desc":"","_seopress_robots_index":""},"product_brand":[3407],"product_cat":[29,514,555],"product_tag":[3270],"class_list":{"0":"post-499650","1":"product","2":"type-product","3":"status-publish","4":"has-post-thumbnail","6":"product_brand-milwaukee","7":"product_cat-macchinari","8":"product_cat-altri-dispositivi","9":"product_cat-smerigliatrici","10":"product_tag-import-milwau","11":"sws-gruppo-macchinari-fr","12":"sws-conto-ricavi-merci-rivendita-macchinari-fr","13":"sws-gruppo-iva-iva81-fr","15":"first","16":"onbackorder","17":"sale","18":"shipping-taxable","19":"purchasable","20":"product-type-simple"},"_links":{"self":[{"href":"https:\/\/lucacastelli.com\/fr\/wp-json\/wp\/v2\/product\/499650","targetHints":{"allow":["GET"]}}],"collection":[{"href":"https:\/\/lucacastelli.com\/fr\/wp-json\/wp\/v2\/product"}],"about":[{"href":"https:\/\/lucacastelli.com\/fr\/wp-json\/wp\/v2\/types\/product"}],"wp:featuredmedia":[{"embeddable":true,"href":"https:\/\/lucacastelli.com\/fr\/wp-json\/wp\/v2\/media\/497704"}],"wp:attachment":[{"href":"https:\/\/lucacastelli.com\/fr\/wp-json\/wp\/v2\/media?parent=499650"}],"wp:term":[{"taxonomy":"product_brand","embeddable":true,"href":"https:\/\/lucacastelli.com\/fr\/wp-json\/wp\/v2\/product_brand?post=499650"},{"taxonomy":"product_cat","embeddable":true,"href":"https:\/\/lucacastelli.com\/fr\/wp-json\/wp\/v2\/product_cat?post=499650"},{"taxonomy":"product_tag","embeddable":true,"href":"https:\/\/lucacastelli.com\/fr\/wp-json\/wp\/v2\/product_tag?post=499650"}],"curies":[{"name":"wp","href":"https:\/\/api.w.org\/{rel}","templated":true}]}}