{"id":499626,"date":"2025-07-19T11:12:40","date_gmt":"2025-07-19T09:12:40","guid":{"rendered":"https:\/\/lucacastelli.com\/prodotto\/milwaukee-accessoires-de-nettoyage-systeme-velcro-o-125-mm-2\/"},"modified":"2025-07-19T11:12:40","modified_gmt":"2025-07-19T09:12:40","slug":"milwaukee-accessoires-de-nettoyage-systeme-velcro-o-125-mm-2","status":"publish","type":"product","link":"https:\/\/lucacastelli.com\/fr\/produit\/milwaukee-accessoires-de-nettoyage-systeme-velcro-o-125-mm-2\/","title":{"rendered":"MILWAUKEE Accessoires de nettoyage &#8211; Syst\u00e8me Velcro &#8211; \u00d8 125 mm"},"content":{"rendered":"<p>Disque de polissage en laine d\u2019agneau diam\u00e8tre 135mm&nbsp;; Laine d\u2019agneau 100&nbsp;% naturelle, qualit\u00e9 PREMIUM avec une densit\u00e9 de fibres \u00e9lev\u00e9e pour une longue dur\u00e9e de vie&nbsp;; Le rev\u00eatement soft-touch int\u00e9gr\u00e9 permet une adaptation facile aux profil\u00e9s plats ou ronds : Convient pour le polissage, particuli\u00e8rement adapt\u00e9 au polissage des peintures sensibles \u00e0 la temp\u00e9rature, gr\u00e2ce aux fibres r\u00e9sistantes \u00e0 la chaleur<\/p>\n","protected":false},"excerpt":{"rendered":"<p>Disque de polissage en laine d\u2019agneau diam\u00e8tre 135mm&nbsp;; Laine d\u2019agneau 100&nbsp;% naturelle, qualit\u00e9 PREMIUM avec une densit\u00e9 de fibres \u00e9lev\u00e9e<\/p>\n","protected":false},"featured_media":496475,"template":"","meta":{"_seopress_robots_primary_cat":"","_seopress_titles_title":"","_seopress_titles_desc":"","_seopress_robots_index":""},"product_brand":[3407],"product_cat":[29,514,555],"product_tag":[3270],"class_list":{"0":"post-499626","1":"product","2":"type-product","3":"status-publish","4":"has-post-thumbnail","6":"product_brand-milwaukee","7":"product_cat-macchinari","8":"product_cat-altri-dispositivi","9":"product_cat-smerigliatrici","10":"product_tag-import-milwau","11":"sws-gruppo-macchinari-fr","12":"sws-conto-ricavi-merci-rivendita-macchinari-fr","13":"sws-gruppo-iva-iva81-fr","15":"first","16":"onbackorder","17":"sale","18":"shipping-taxable","19":"purchasable","20":"product-type-simple"},"_links":{"self":[{"href":"https:\/\/lucacastelli.com\/fr\/wp-json\/wp\/v2\/product\/499626","targetHints":{"allow":["GET"]}}],"collection":[{"href":"https:\/\/lucacastelli.com\/fr\/wp-json\/wp\/v2\/product"}],"about":[{"href":"https:\/\/lucacastelli.com\/fr\/wp-json\/wp\/v2\/types\/product"}],"wp:featuredmedia":[{"embeddable":true,"href":"https:\/\/lucacastelli.com\/fr\/wp-json\/wp\/v2\/media\/496475"}],"wp:attachment":[{"href":"https:\/\/lucacastelli.com\/fr\/wp-json\/wp\/v2\/media?parent=499626"}],"wp:term":[{"taxonomy":"product_brand","embeddable":true,"href":"https:\/\/lucacastelli.com\/fr\/wp-json\/wp\/v2\/product_brand?post=499626"},{"taxonomy":"product_cat","embeddable":true,"href":"https:\/\/lucacastelli.com\/fr\/wp-json\/wp\/v2\/product_cat?post=499626"},{"taxonomy":"product_tag","embeddable":true,"href":"https:\/\/lucacastelli.com\/fr\/wp-json\/wp\/v2\/product_tag?post=499626"}],"curies":[{"name":"wp","href":"https:\/\/api.w.org\/{rel}","templated":true}]}}