{"id":499622,"date":"2025-07-19T11:12:39","date_gmt":"2025-07-19T09:12:39","guid":{"rendered":"https:\/\/lucacastelli.com\/prodotto\/milwaukee-accessoires-de-nettoyage-systeme-velcro-o-125-mm\/"},"modified":"2025-07-19T11:12:39","modified_gmt":"2025-07-19T09:12:39","slug":"milwaukee-accessoires-de-nettoyage-systeme-velcro-o-125-mm","status":"publish","type":"product","link":"https:\/\/lucacastelli.com\/fr\/produit\/milwaukee-accessoires-de-nettoyage-systeme-velcro-o-125-mm\/","title":{"rendered":"MILWAUKEE Accessoires de nettoyage &#8211; Syst\u00e8me Velcro &#8211; \u00d8 125 mm"},"content":{"rendered":"<p>Polissage tr\u00e8s doux en microfibre PREMIUM pour les travaux de laquage et de finition&nbsp;; Absorbe de mani\u00e8re fiable et en douceur les r\u00e9sidus&nbsp;; Il est \u00e9galement id\u00e9al pour \u00e9liminer les taches caus\u00e9es par l\u2019eau sur les surfaces sensibles ; Passe au lave-vaisselle \u00e0 30\u00b0, sans utilisation d\u2019assouplissant<\/p>\n","protected":false},"excerpt":{"rendered":"<p>Polissage tr\u00e8s doux en microfibre PREMIUM pour les travaux de laquage et de finition&nbsp;; Absorbe de mani\u00e8re fiable et en<\/p>\n","protected":false},"featured_media":496475,"template":"","meta":{"_seopress_robots_primary_cat":"","_seopress_titles_title":"","_seopress_titles_desc":"","_seopress_robots_index":""},"product_brand":[3407],"product_cat":[29,514,555],"product_tag":[3270],"class_list":{"0":"post-499622","1":"product","2":"type-product","3":"status-publish","4":"has-post-thumbnail","6":"product_brand-milwaukee","7":"product_cat-macchinari","8":"product_cat-altri-dispositivi","9":"product_cat-smerigliatrici","10":"product_tag-import-milwau","11":"sws-gruppo-macchinari-fr","12":"sws-conto-ricavi-merci-rivendita-macchinari-fr","13":"sws-gruppo-iva-iva81-fr","15":"first","16":"onbackorder","17":"sale","18":"shipping-taxable","19":"purchasable","20":"product-type-simple"},"_links":{"self":[{"href":"https:\/\/lucacastelli.com\/fr\/wp-json\/wp\/v2\/product\/499622","targetHints":{"allow":["GET"]}}],"collection":[{"href":"https:\/\/lucacastelli.com\/fr\/wp-json\/wp\/v2\/product"}],"about":[{"href":"https:\/\/lucacastelli.com\/fr\/wp-json\/wp\/v2\/types\/product"}],"wp:featuredmedia":[{"embeddable":true,"href":"https:\/\/lucacastelli.com\/fr\/wp-json\/wp\/v2\/media\/496475"}],"wp:attachment":[{"href":"https:\/\/lucacastelli.com\/fr\/wp-json\/wp\/v2\/media?parent=499622"}],"wp:term":[{"taxonomy":"product_brand","embeddable":true,"href":"https:\/\/lucacastelli.com\/fr\/wp-json\/wp\/v2\/product_brand?post=499622"},{"taxonomy":"product_cat","embeddable":true,"href":"https:\/\/lucacastelli.com\/fr\/wp-json\/wp\/v2\/product_cat?post=499622"},{"taxonomy":"product_tag","embeddable":true,"href":"https:\/\/lucacastelli.com\/fr\/wp-json\/wp\/v2\/product_tag?post=499622"}],"curies":[{"name":"wp","href":"https:\/\/api.w.org\/{rel}","templated":true}]}}